{"id":2045,"date":"2023-11-09T22:01:27","date_gmt":"2023-11-09T21:01:27","guid":{"rendered":"https:\/\/villacoaster.pl\/zasady-pouzivania-suborov-cookie\/"},"modified":"2024-02-13T23:13:32","modified_gmt":"2024-02-13T22:13:32","slug":"zasady-pouzivania-suborov-cookie","status":"publish","type":"page","link":"https:\/\/villacoaster.pl\/sk\/zasady-pouzivania-suborov-cookie\/","title":{"rendered":"Z\u00e1sady pou\u017e\u00edvania s\u00faborov cookie"},"content":{"rendered":"<ol>\n<li>Webov\u00e1 str\u00e1nka <strong>villacoaster.co.uk<\/strong> pou\u017e\u00edva cookies, t. j. textov\u00e9 s\u00fabory ulo\u017een\u00e9 v po\u010d\u00edta\u010di pou\u017e\u00edvate\u013ea, ktor\u00e9 identifikuj\u00fa pou\u017e\u00edvate\u013ea sp\u00f4sobom potrebn\u00fdm na umo\u017enenie ur\u010dit\u00fdch oper\u00e1ci\u00ed. S\u00fabory cookie sa okrem in\u00e9ho pou\u017e\u00edvaj\u00fa na ukladanie prihlasovac\u00edch \u00fadajov pou\u017e\u00edvate\u013ea. Podmienkou fungovania s\u00faborov cookie je, \u017ee ich prehliada\u010d akceptuje a \u017ee sa z disku nevyma\u017e\u00fa.<\/li>\n<li>Webov\u00e1 str\u00e1nka pou\u017e\u00edva s\u00fabory cookie &#8222;rel\u00e1cie&#8220; (ukladaj\u00fa sa, k\u00fdm neopust\u00edte webov\u00fa str\u00e1nku a nezatvor\u00edte prehliada\u010d) a &#8222;trval\u00e9&#8220; s\u00fabory cookie (ukladaj\u00fa sa vo va\u0161om po\u010d\u00edta\u010di na ur\u010dit\u00fd \u010das).<\/li>\n<li>Pou\u017e\u00edvatelia str\u00e1nok m\u00f4\u017eu v tejto s\u00favislosti zmeni\u0165 svoje nastavenia. Webov\u00fd prehliada\u010d umo\u017e\u0148uje odstra\u0148ova\u0165 a blokova\u0165 s\u00fabory. Podrobnosti n\u00e1jdete v n\u00e1povede alebo dokument\u00e1cii webov\u00e9ho prehliada\u010da, ktor\u00fd pou\u017e\u00edvate.<\/li>\n<li>Zak\u00e1zanie s\u00faborov cookie bude ma\u0165 naj\u010dastej\u0161ie za n\u00e1sledok obmedzenie alebo zablokovanie ur\u010dit\u00fdch funkci\u00ed webovej str\u00e1nky.<\/li>\n<li>Webov\u00e1 str\u00e1nka <strong>villacoaster<\/strong><strong>.co.uk <\/strong>pou\u017e\u00edva s\u00fabory cookie od tretej strany &#8211; Google Analytics &#8211; viac inform\u00e1ci\u00ed n\u00e1jdete na: <u><br \/>\n  <a href=\"http:\/\/www.google.com\/analytics\/learn\/privacy.html\">google.com\/analytics\/learn\/privacy.html<\/a><br \/>\n<\/u><\/li>\n<li>S\u00fabory cookie pou\u017e\u00edvan\u00e9 na webovej str\u00e1nke <strong>villacoaster<\/strong><strong>.co.uk <\/strong>neukladaj\u00fa osobn\u00e9 \u00fadaje.<\/li>\n<\/ol>\n","protected":false},"excerpt":{"rendered":"<p>Webov\u00e1 str\u00e1nka villacoaster.co.uk pou\u017e\u00edva cookies, t. j. textov\u00e9 s\u00fabory ulo\u017een\u00e9 v po\u010d\u00edta\u010di pou\u017e\u00edvate\u013ea, ktor\u00e9 identifikuj\u00fa pou\u017e\u00edvate\u013ea sp\u00f4sobom potrebn\u00fdm na umo\u017enenie ur\u010dit\u00fdch oper\u00e1ci\u00ed. S\u00fabory cookie sa okrem in\u00e9ho pou\u017e\u00edvaj\u00fa na ukladanie prihlasovac\u00edch \u00fadajov pou\u017e\u00edvate\u013ea. Podmienkou fungovania s\u00faborov cookie je, \u017ee ich prehliada\u010d akceptuje a \u017ee sa z disku nevyma\u017e\u00fa. Webov\u00e1 str\u00e1nka [&hellip;]<\/p>\n","protected":false},"author":1,"featured_media":0,"parent":0,"menu_order":0,"comment_status":"closed","ping_status":"closed","template":"","meta":{"footnotes":""},"class_list":["post-2045","page","type-page","status-publish","hentry"],"yoast_head":"<!-- This site is optimized with the Yoast SEO plugin v27.6 - https:\/\/yoast.com\/product\/yoast-seo-wordpress\/ -->\n<title>Z\u00e1sady pou\u017e\u00edvania s\u00faborov cookie - Villa Coaster<\/title>\n<meta name=\"robots\" content=\"index, follow, max-snippet:-1, max-image-preview:large, max-video-preview:-1\" \/>\n<link rel=\"canonical\" href=\"https:\/\/villacoaster.pl\/sk\/zasady-pouzivania-suborov-cookie\/\" \/>\n<meta property=\"og:locale\" content=\"sk_SK\" \/>\n<meta property=\"og:type\" content=\"article\" \/>\n<meta property=\"og:title\" content=\"Z\u00e1sady pou\u017e\u00edvania s\u00faborov cookie - Villa Coaster\" \/>\n<meta property=\"og:description\" content=\"Webov\u00e1 str\u00e1nka villacoaster.co.uk pou\u017e\u00edva cookies, t. j. textov\u00e9 s\u00fabory ulo\u017een\u00e9 v po\u010d\u00edta\u010di pou\u017e\u00edvate\u013ea, ktor\u00e9 identifikuj\u00fa pou\u017e\u00edvate\u013ea sp\u00f4sobom potrebn\u00fdm na umo\u017enenie ur\u010dit\u00fdch oper\u00e1ci\u00ed. S\u00fabory cookie sa okrem in\u00e9ho pou\u017e\u00edvaj\u00fa na ukladanie prihlasovac\u00edch \u00fadajov pou\u017e\u00edvate\u013ea. Podmienkou fungovania s\u00faborov cookie je, \u017ee ich prehliada\u010d akceptuje a \u017ee sa z disku nevyma\u017e\u00fa. Webov\u00e1 str\u00e1nka [&hellip;]\" \/>\n<meta property=\"og:url\" content=\"https:\/\/villacoaster.pl\/sk\/zasady-pouzivania-suborov-cookie\/\" \/>\n<meta property=\"og:site_name\" content=\"Villa Coaster\" \/>\n<meta property=\"article:modified_time\" content=\"2024-02-13T22:13:32+00:00\" \/>\n<meta name=\"twitter:card\" content=\"summary_large_image\" \/>\n<meta name=\"twitter:label1\" content=\"Predpokladan\u00fd \u010das \u010d\u00edtania\" \/>\n\t<meta name=\"twitter:data1\" content=\"1 min\u00fata\" \/>\n<script type=\"application\/ld+json\" class=\"yoast-schema-graph\">{\"@context\":\"https:\\\/\\\/schema.org\",\"@graph\":[{\"@type\":\"WebPage\",\"@id\":\"https:\\\/\\\/villacoaster.pl\\\/sk\\\/zasady-pouzivania-suborov-cookie\\\/\",\"url\":\"https:\\\/\\\/villacoaster.pl\\\/sk\\\/zasady-pouzivania-suborov-cookie\\\/\",\"name\":\"Z\u00e1sady pou\u017e\u00edvania s\u00faborov cookie - Villa Coaster\",\"isPartOf\":{\"@id\":\"https:\\\/\\\/villacoaster.pl\\\/sk\\\/#website\"},\"datePublished\":\"2023-11-09T21:01:27+00:00\",\"dateModified\":\"2024-02-13T22:13:32+00:00\",\"breadcrumb\":{\"@id\":\"https:\\\/\\\/villacoaster.pl\\\/sk\\\/zasady-pouzivania-suborov-cookie\\\/#breadcrumb\"},\"inLanguage\":\"sk-SK\",\"potentialAction\":[{\"@type\":\"ReadAction\",\"target\":[\"https:\\\/\\\/villacoaster.pl\\\/sk\\\/zasady-pouzivania-suborov-cookie\\\/\"]}]},{\"@type\":\"BreadcrumbList\",\"@id\":\"https:\\\/\\\/villacoaster.pl\\\/sk\\\/zasady-pouzivania-suborov-cookie\\\/#breadcrumb\",\"itemListElement\":[{\"@type\":\"ListItem\",\"position\":1,\"name\":\"Strona g\u0142\u00f3wna\",\"item\":\"https:\\\/\\\/villacoaster.pl\\\/sk\\\/\"},{\"@type\":\"ListItem\",\"position\":2,\"name\":\"Z\u00e1sady pou\u017e\u00edvania s\u00faborov cookie\"}]},{\"@type\":\"WebSite\",\"@id\":\"https:\\\/\\\/villacoaster.pl\\\/sk\\\/#website\",\"url\":\"https:\\\/\\\/villacoaster.pl\\\/sk\\\/\",\"name\":\"Villa Coaster\",\"description\":\"\",\"publisher\":{\"@id\":\"https:\\\/\\\/villacoaster.pl\\\/sk\\\/#organization\"},\"potentialAction\":[{\"@type\":\"SearchAction\",\"target\":{\"@type\":\"EntryPoint\",\"urlTemplate\":\"https:\\\/\\\/villacoaster.pl\\\/sk\\\/?s={search_term_string}\"},\"query-input\":{\"@type\":\"PropertyValueSpecification\",\"valueRequired\":true,\"valueName\":\"search_term_string\"}}],\"inLanguage\":\"sk-SK\"},{\"@type\":\"Organization\",\"@id\":\"https:\\\/\\\/villacoaster.pl\\\/sk\\\/#organization\",\"name\":\"Villa Coaster\",\"url\":\"https:\\\/\\\/villacoaster.pl\\\/sk\\\/\",\"logo\":{\"@type\":\"ImageObject\",\"inLanguage\":\"sk-SK\",\"@id\":\"https:\\\/\\\/villacoaster.pl\\\/sk\\\/#\\\/schema\\\/logo\\\/image\\\/\",\"url\":\"https:\\\/\\\/villacoaster.pl\\\/wp-content\\\/uploads\\\/2023\\\/11\\\/VILLA-COASTER-favicon.png\",\"contentUrl\":\"https:\\\/\\\/villacoaster.pl\\\/wp-content\\\/uploads\\\/2023\\\/11\\\/VILLA-COASTER-favicon.png\",\"width\":144,\"height\":144,\"caption\":\"Villa Coaster\"},\"image\":{\"@id\":\"https:\\\/\\\/villacoaster.pl\\\/sk\\\/#\\\/schema\\\/logo\\\/image\\\/\"}}]}<\/script>\n<!-- \/ Yoast SEO plugin. -->","yoast_head_json":{"title":"Z\u00e1sady pou\u017e\u00edvania s\u00faborov cookie - Villa Coaster","robots":{"index":"index","follow":"follow","max-snippet":"max-snippet:-1","max-image-preview":"max-image-preview:large","max-video-preview":"max-video-preview:-1"},"canonical":"https:\/\/villacoaster.pl\/sk\/zasady-pouzivania-suborov-cookie\/","og_locale":"sk_SK","og_type":"article","og_title":"Z\u00e1sady pou\u017e\u00edvania s\u00faborov cookie - Villa Coaster","og_description":"Webov\u00e1 str\u00e1nka villacoaster.co.uk pou\u017e\u00edva cookies, t. j. textov\u00e9 s\u00fabory ulo\u017een\u00e9 v po\u010d\u00edta\u010di pou\u017e\u00edvate\u013ea, ktor\u00e9 identifikuj\u00fa pou\u017e\u00edvate\u013ea sp\u00f4sobom potrebn\u00fdm na umo\u017enenie ur\u010dit\u00fdch oper\u00e1ci\u00ed. S\u00fabory cookie sa okrem in\u00e9ho pou\u017e\u00edvaj\u00fa na ukladanie prihlasovac\u00edch \u00fadajov pou\u017e\u00edvate\u013ea. Podmienkou fungovania s\u00faborov cookie je, \u017ee ich prehliada\u010d akceptuje a \u017ee sa z disku nevyma\u017e\u00fa. Webov\u00e1 str\u00e1nka [&hellip;]","og_url":"https:\/\/villacoaster.pl\/sk\/zasady-pouzivania-suborov-cookie\/","og_site_name":"Villa Coaster","article_modified_time":"2024-02-13T22:13:32+00:00","twitter_card":"summary_large_image","twitter_misc":{"Predpokladan\u00fd \u010das \u010d\u00edtania":"1 min\u00fata"},"schema":{"@context":"https:\/\/schema.org","@graph":[{"@type":"WebPage","@id":"https:\/\/villacoaster.pl\/sk\/zasady-pouzivania-suborov-cookie\/","url":"https:\/\/villacoaster.pl\/sk\/zasady-pouzivania-suborov-cookie\/","name":"Z\u00e1sady pou\u017e\u00edvania s\u00faborov cookie - Villa Coaster","isPartOf":{"@id":"https:\/\/villacoaster.pl\/sk\/#website"},"datePublished":"2023-11-09T21:01:27+00:00","dateModified":"2024-02-13T22:13:32+00:00","breadcrumb":{"@id":"https:\/\/villacoaster.pl\/sk\/zasady-pouzivania-suborov-cookie\/#breadcrumb"},"inLanguage":"sk-SK","potentialAction":[{"@type":"ReadAction","target":["https:\/\/villacoaster.pl\/sk\/zasady-pouzivania-suborov-cookie\/"]}]},{"@type":"BreadcrumbList","@id":"https:\/\/villacoaster.pl\/sk\/zasady-pouzivania-suborov-cookie\/#breadcrumb","itemListElement":[{"@type":"ListItem","position":1,"name":"Strona g\u0142\u00f3wna","item":"https:\/\/villacoaster.pl\/sk\/"},{"@type":"ListItem","position":2,"name":"Z\u00e1sady pou\u017e\u00edvania s\u00faborov cookie"}]},{"@type":"WebSite","@id":"https:\/\/villacoaster.pl\/sk\/#website","url":"https:\/\/villacoaster.pl\/sk\/","name":"Villa Coaster","description":"","publisher":{"@id":"https:\/\/villacoaster.pl\/sk\/#organization"},"potentialAction":[{"@type":"SearchAction","target":{"@type":"EntryPoint","urlTemplate":"https:\/\/villacoaster.pl\/sk\/?s={search_term_string}"},"query-input":{"@type":"PropertyValueSpecification","valueRequired":true,"valueName":"search_term_string"}}],"inLanguage":"sk-SK"},{"@type":"Organization","@id":"https:\/\/villacoaster.pl\/sk\/#organization","name":"Villa Coaster","url":"https:\/\/villacoaster.pl\/sk\/","logo":{"@type":"ImageObject","inLanguage":"sk-SK","@id":"https:\/\/villacoaster.pl\/sk\/#\/schema\/logo\/image\/","url":"https:\/\/villacoaster.pl\/wp-content\/uploads\/2023\/11\/VILLA-COASTER-favicon.png","contentUrl":"https:\/\/villacoaster.pl\/wp-content\/uploads\/2023\/11\/VILLA-COASTER-favicon.png","width":144,"height":144,"caption":"Villa Coaster"},"image":{"@id":"https:\/\/villacoaster.pl\/sk\/#\/schema\/logo\/image\/"}}]}},"_links":{"self":[{"href":"https:\/\/villacoaster.pl\/sk\/wp-json\/wp\/v2\/pages\/2045","targetHints":{"allow":["GET"]}}],"collection":[{"href":"https:\/\/villacoaster.pl\/sk\/wp-json\/wp\/v2\/pages"}],"about":[{"href":"https:\/\/villacoaster.pl\/sk\/wp-json\/wp\/v2\/types\/page"}],"author":[{"embeddable":true,"href":"https:\/\/villacoaster.pl\/sk\/wp-json\/wp\/v2\/users\/1"}],"replies":[{"embeddable":true,"href":"https:\/\/villacoaster.pl\/sk\/wp-json\/wp\/v2\/comments?post=2045"}],"version-history":[{"count":1,"href":"https:\/\/villacoaster.pl\/sk\/wp-json\/wp\/v2\/pages\/2045\/revisions"}],"predecessor-version":[{"id":2046,"href":"https:\/\/villacoaster.pl\/sk\/wp-json\/wp\/v2\/pages\/2045\/revisions\/2046"}],"wp:attachment":[{"href":"https:\/\/villacoaster.pl\/sk\/wp-json\/wp\/v2\/media?parent=2045"}],"curies":[{"name":"wp","href":"https:\/\/api.w.org\/{rel}","templated":true}]}}