{"id":2034,"date":"2023-11-09T21:48:46","date_gmt":"2023-11-09T20:48:46","guid":{"rendered":"https:\/\/villacoaster.pl\/zasady-ochrany-osobnych-udajov\/"},"modified":"2024-02-13T23:13:31","modified_gmt":"2024-02-13T22:13:31","slug":"zasady-ochrany-osobnych-udajov","status":"publish","type":"page","link":"https:\/\/villacoaster.pl\/sk\/zasady-ochrany-osobnych-udajov\/","title":{"rendered":"Z\u00e1sady ochrany osobn\u00fdch \u00fadajov"},"content":{"rendered":"<h4 class=\"fusion-responsive-typography-calculated\" style=\"text-align: center;\" data-fontsize=\"24\" data-lineheight=\"28.8px\"><strong>V\u0161eobecn\u00e9 inform\u00e1cie.<\/strong><\/h4>\n<ol>\n<li>Prev\u00e1dzkovate\u013eom webovej str\u00e1nky <strong>villacoaster.co.uk<\/strong> je  <strong>Villa Coaster Grzegorz Urba\u0144czyk, 32-607 Polanka Wielka, ul. Jed\u013ea 11.<\/strong><\/li>\n<li>Slu\u017eba vykon\u00e1va funkcie na z\u00edskavanie inform\u00e1ci\u00ed o pou\u017e\u00edvate\u013eoch a ich spr\u00e1van\u00ed t\u00fdmito sp\u00f4sobmi:\n<ol>\n<li>Dobrovo\u013en\u00fdm zad\u00e1van\u00edm inform\u00e1ci\u00ed do formul\u00e1rov.<\/li>\n<li>Ukladan\u00edm s\u00faborov cookie (tzv. &#8222;cookies&#8220;) do koncov\u00fdch zariaden\u00ed.<\/li>\n<li>Prostredn\u00edctvom zhroma\u017e\u010fovania protokolov webov\u00e9ho servera prev\u00e1dzkovate\u013eom hostingu lh.pl, ktor\u00fd p\u00f4sob\u00ed pod adresou lh.pl<\/li>\n<\/ol>\n<\/li>\n<\/ol>\n<h4 class=\"fusion-responsive-typography-calculated\" style=\"text-align: center;\" data-fontsize=\"24\" data-lineheight=\"28.8px\"><strong>Inform\u00e1cie vo formul\u00e1roch.<\/strong><\/h4>\n<ol>\n<li>Slu\u017eba zhroma\u017e\u010fuje inform\u00e1cie dobrovo\u013ene poskytnut\u00e9 pou\u017e\u00edvate\u013eom.<\/li>\n<li>Okrem toho m\u00f4\u017ee slu\u017eba uklada\u0165 inform\u00e1cie o parametroch pripojenia (\u010dasov\u00e1 pe\u010diatka, IP adresa).<\/li>\n<li>\u00dadaje vo formul\u00e1ri sa neposkytuj\u00fa tret\u00edm stran\u00e1m inak ako so s\u00fahlasom pou\u017e\u00edvate\u013ea.<\/li>\n<li>\u00dadaje uveden\u00e9 vo formul\u00e1ri m\u00f4\u017eu predstavova\u0165 s\u00fabor potenci\u00e1lnych z\u00e1kazn\u00edkov, ktor\u00fdch prev\u00e1dzkovate\u013e webovej str\u00e1nky eviduje v registri vedenom Gener\u00e1lnym in\u0161pektorom pre ochranu osobn\u00fdch \u00fadajov.<\/li>\n<li>\u00dadaje poskytnut\u00e9 vo formul\u00e1ri sa sprac\u00favaj\u00fa na \u00fa\u010del vypl\u00fdvaj\u00faci z funkcie konkr\u00e9tneho formul\u00e1ra, napr. na spracovanie \u017eiadosti o slu\u017ebu alebo na nadviazanie obchodn\u00e9ho kontaktu.<\/li>\n<li>\u00dadaje uveden\u00e9 vo formul\u00e1roch m\u00f4\u017eu by\u0165 post\u00fapen\u00e9 subjektom, ktor\u00e9 technicky vykon\u00e1vaj\u00fa ur\u010dit\u00e9 slu\u017eby &#8211; ide najm\u00e4 o post\u00fapenie inform\u00e1ci\u00ed o dr\u017eite\u013eovi registrovanej dom\u00e9ny subjektom, ktor\u00e9 s\u00fa prev\u00e1dzkovate\u013emi internetov\u00fdch dom\u00e9n (predov\u0161etk\u00fdm Vedeck\u00e1 a akademick\u00e1 po\u010d\u00edta\u010dov\u00e1 sie\u0165 j.b.r &#8211; NASK), slu\u017eb\u00e1m, ktor\u00e9 sprac\u00favaj\u00fa platby, alebo in\u00fdm subjektom, s ktor\u00fdmi Prev\u00e1dzkovate\u013e webovej str\u00e1nky v tejto s\u00favislosti spolupracuje.<\/li>\n<li>Inform\u00e1cie o s\u00faboroch cookie.<\/li>\n<\/ol>\n<h4 class=\"fusion-responsive-typography-calculated\" style=\"text-align: center;\" data-fontsize=\"24\" data-lineheight=\"28.8px\"><strong>Webov\u00e1 str\u00e1nka pou\u017e\u00edva s\u00fabory cookie.<\/strong><\/h4>\n<ol>\n<li>S\u00fabory cookie (tzv. &#8222;cookies&#8220;) s\u00fa \u00fadaje IT, najm\u00e4 textov\u00e9 s\u00fabory, ktor\u00e9 sa ukladaj\u00fa v koncovom zariaden\u00ed pou\u017e\u00edvate\u013ea slu\u017eby a s\u00fa ur\u010den\u00e9 na pou\u017e\u00edvanie na webovej str\u00e1nke. S\u00fabory cookie zvy\u010dajne obsahuj\u00fa n\u00e1zov webovej lokality, z ktorej poch\u00e1dzaj\u00fa, d\u013a\u017eku ich ulo\u017eenia v koncovom zariaden\u00ed a jedine\u010dn\u00e9 \u010d\u00edslo.<\/li>\n<li>Subjektom, ktor\u00fd umiest\u0148uje s\u00fabory cookie do koncov\u00e9ho zariadenia pou\u017e\u00edvate\u013ea slu\u017eby a pristupuje k nim, je prev\u00e1dzkovate\u013e slu\u017eby.<\/li>\n<li>S\u00fabory cookie sa pou\u017e\u00edvaj\u00fa na tieto \u00fa\u010dely:\n<ol>\n<li>vytv\u00e1ranie \u0161tatist\u00edk, ktor\u00e9 n\u00e1m pom\u00e1haj\u00fa pochopi\u0165, ako n\u00e1v\u0161tevn\u00edci webov\u00fdch str\u00e1nok pou\u017e\u00edvaj\u00fa webov\u00e9 str\u00e1nky, \u010do n\u00e1m umo\u017e\u0148uje zlep\u0161ova\u0165 ich \u0161trukt\u00faru a obsah;<\/li>\n<li>udr\u017eiavanie rel\u00e1cie pou\u017e\u00edvate\u013ea slu\u017eby (po prihl\u00e1sen\u00ed), v\u010faka \u010domu nemus\u00ed pou\u017e\u00edvate\u013e na ka\u017edej podstr\u00e1nke slu\u017eby znovu zad\u00e1va\u0165 svoje prihlasovacie meno a heslo;<\/li>\n<li>definova\u0165 v\u00e1\u0161 profil s cie\u013eom zobrazova\u0165 v\u00e1m prisp\u00f4soben\u00fd materi\u00e1l v reklamn\u00fdch sie\u0165ach, najm\u00e4 v sieti Google.<\/li>\n<\/ol>\n<\/li>\n<li>Webov\u00e1 lokalita pou\u017e\u00edva dva hlavn\u00e9 typy s\u00faborov cookie: &#8222;S\u00fabory cookie rel\u00e1cie&#8220; a &#8222;trval\u00e9 s\u00fabory cookie&#8220; (trval\u00e9 s\u00fabory cookie). &#8222;Rela\u010dn\u00e9&#8220; s\u00fabory cookie s\u00fa do\u010dasn\u00e9 s\u00fabory, ktor\u00e9 sa ukladaj\u00fa v koncovom zariaden\u00ed pou\u017e\u00edvate\u013ea, k\u00fdm sa pou\u017e\u00edvate\u013e neodhl\u00e1si, neopust\u00ed webov\u00fa str\u00e1nku alebo nevypne softv\u00e9r (webov\u00fd prehliada\u010d). &#8222;Trval\u00e9&#8220; s\u00fabory cookie sa ukladaj\u00fa v koncovom zariaden\u00ed pou\u017e\u00edvate\u013ea na dobu uveden\u00fa v parametroch s\u00faborov cookie alebo k\u00fdm ich pou\u017e\u00edvate\u013e nevyma\u017ee.<\/li>\n<li>Softv\u00e9r na prehliadanie webov\u00fdch str\u00e1nok (webov\u00fd prehliada\u010d) zvy\u010dajne \u0161tandardne umo\u017e\u0148uje ukladanie s\u00faborov cookie na koncov\u00e9 zariadenie pou\u017e\u00edvate\u013ea. Pou\u017e\u00edvatelia slu\u017eby m\u00f4\u017eu v tejto s\u00favislosti zmeni\u0165 svoje nastavenia. V\u00e1\u0161 webov\u00fd prehliada\u010d umo\u017e\u0148uje vymaza\u0165 s\u00fabory cookie. S\u00fabory cookie je mo\u017en\u00e9 aj automaticky blokova\u0165 Podrobnosti n\u00e1jdete v n\u00e1povede alebo dokument\u00e1cii svojho prehliada\u010da.<\/li>\n<li>Obmedzenia pou\u017e\u00edvania s\u00faborov cookie m\u00f4\u017eu ovplyvni\u0165 niektor\u00e9 funkcie dostupn\u00e9 na webovej lokalite.<\/li>\n<li>S\u00fabory cookie sa umiest\u0148uj\u00fa do koncov\u00e9ho zariadenia pou\u017e\u00edvate\u013ea slu\u017eby a m\u00f4\u017eu ich pou\u017e\u00edva\u0165 aj inzerenti a partneri spolupracuj\u00faci s prev\u00e1dzkovate\u013eom slu\u017eby.<\/li>\n<li>Odpor\u00fa\u010dame pre\u010d\u00edta\u0165 si z\u00e1sady ochrany osobn\u00fdch \u00fadajov t\u00fdchto spolo\u010dnost\u00ed, aby ste pochopili pou\u017e\u00edvanie s\u00faborov cookie pou\u017e\u00edvan\u00fdch v \u0161tatistik\u00e1ch: <u><br \/>\n  <a href=\"http:\/\/www.google.pl\/intl\/pl\/analytics\/privacyoverview.html\">Z\u00e1sady ochrany osobn\u00fdch \u00fadajov slu\u017eby Google Analytics<\/a><br \/>\n<\/u><\/li>\n<li>S\u00fabory cookie m\u00f4\u017eu pou\u017e\u00edva\u0165 reklamn\u00e9 siete, najm\u00e4 sie\u0165 Google, na zobrazovanie rekl\u00e1m prisp\u00f4soben\u00fdch sp\u00f4sobu, ak\u00fdm pou\u017e\u00edvate t\u00fato webov\u00fa lokalitu. Na tento \u00fa\u010del m\u00f4\u017eu uchov\u00e1va\u0165 inform\u00e1cie o naviga\u010dnej ceste pou\u017e\u00edvate\u013ea alebo o \u010dase, ktor\u00fd str\u00e1vil na konkr\u00e9tnej str\u00e1nke.<\/li>\n<li>Pokia\u013e ide o inform\u00e1cie o preferenci\u00e1ch pou\u017e\u00edvate\u013ea, ktor\u00e9 zhroma\u017e\u010fuje reklamn\u00e1 sie\u0165 Google, pou\u017e\u00edvate\u013e m\u00f4\u017ee zobrazi\u0165 a upravi\u0165 inform\u00e1cie vypl\u00fdvaj\u00face zo s\u00faborov cookie pomocou n\u00e1stroja: <u><br \/>\n  <a href=\"https:\/\/www.google.com\/ads\/preferences\/\">https:\/\/www.google.com\/ads\/preferences\/.<\/a><br \/>\n<\/u><\/li>\n<\/ol>\n<h4 class=\"fusion-responsive-typography-calculated\" style=\"text-align: center;\" data-fontsize=\"24\" data-lineheight=\"28.8px\"><strong>Denn\u00edky servera.<\/strong><\/h4>\n<ol>\n<li>Inform\u00e1cie o ur\u010ditom spr\u00e1van\u00ed pou\u017e\u00edvate\u013eov podliehaj\u00fa protokolovaniu na \u00farovni servera. Tieto \u00fadaje sa pou\u017e\u00edvaj\u00fa v\u00fdlu\u010dne na spr\u00e1vu webovej str\u00e1nky a na zabezpe\u010denie \u010do najefekt\u00edvnej\u0161ieho fungovania poskytovan\u00fdch hostingov\u00fdch slu\u017eieb.<\/li>\n<li>Zobrazen\u00e9 zdroje s\u00fa identifikovan\u00e9 pomocou adries URL. Okrem toho m\u00f4\u017ee by\u0165 z\u00e1znam predmetom:\n<ol>\n<li>na\u010dasovanie vy\u0161etrovania,<\/li>\n<li>v \u010dase odoslania odpovede,<\/li>\n<li>n\u00e1zov klientskej stanice &#8211; identifik\u00e1cia prostredn\u00edctvom protokolu HTTP,<\/li>\n<li>inform\u00e1cie o chyb\u00e1ch, ktor\u00e9 sa vyskytli po\u010das vykon\u00e1vania transakcie HTTP,<\/li>\n<li>URL str\u00e1nky, ktor\u00fa pou\u017e\u00edvate\u013e predt\u00fdm nav\u0161t\u00edvil (odkaz na odkaz), v pr\u00edpade odkazu na webov\u00e9 s\u00eddlo,<\/li>\n<li>inform\u00e1cie o prehliada\u010di pou\u017e\u00edvate\u013ea,<\/li>\n<li>Inform\u00e1cie o IP adrese.<\/li>\n<\/ol>\n<\/li>\n<li>Uveden\u00e9 \u00fadaje nie s\u00fa spojen\u00e9 s konkr\u00e9tnymi n\u00e1v\u0161tevn\u00edkmi.<\/li>\n<li>Uveden\u00e9 \u00fadaje sa pou\u017e\u00edvaj\u00fa len na \u00fa\u010dely spr\u00e1vy servera.<\/li>\n<\/ol>\n<h4 class=\"fusion-responsive-typography-calculated\" style=\"text-align: center;\" data-fontsize=\"24\" data-lineheight=\"28.8px\"><strong>Zdie\u013eanie \u00fadajov.<\/strong><\/h4>\n<ol>\n<li>\u00dadaje sa zdie\u013eaj\u00fa s extern\u00fdmi stranami len v medziach z\u00e1kona.<\/li>\n<li>Osobn\u00e9 \u00fadaje jednotlivca sa zdie\u013eaj\u00fa len so s\u00fahlasom dan\u00e9ho jednotlivca.<\/li>\n<li>Prev\u00e1dzkovate\u013e m\u00f4\u017ee by\u0165 povinn\u00fd poskytn\u00fa\u0165 opr\u00e1vnen\u00fdm org\u00e1nom na z\u00e1klade z\u00e1konnej \u017eiadosti inform\u00e1cie zhroma\u017eden\u00e9 prostredn\u00edctvom slu\u017eby v rozsahu \u017eiadosti.<\/li>\n<\/ol>\n<h4 class=\"fusion-responsive-typography-calculated\" style=\"text-align: center;\" data-fontsize=\"24\" data-lineheight=\"28.8px\"><strong>Spr\u00e1va s\u00faborov cookie &#8211; ako udeli\u0165 a odvola\u0165 s\u00fahlas v praxi?<\/strong><\/h4>\n<ol>\n<li>Ak si ne\u017eel\u00e1te dost\u00e1va\u0165 s\u00fabory cookie, m\u00f4\u017eete zmeni\u0165 nastavenia prehliada\u010da. Upozor\u0148ujeme, \u017ee vypnutie s\u00faborov cookie, ktor\u00e9 s\u00fa nevyhnutn\u00e9 pre overovacie procesy, bezpe\u010dnos\u0165, udr\u017eiavanie preferenci\u00ed pou\u017e\u00edvate\u013ea, m\u00f4\u017ee s\u0165a\u017ei\u0165 a v krajnom pr\u00edpade znemo\u017eni\u0165 pou\u017e\u00edvanie webov\u00fdch str\u00e1nok.<\/li>\n<li>Ak chcete spravova\u0165 nastavenia s\u00faborov cookie, vyberte svoj internetov\u00fd prehliada\u010d\/syst\u00e9m z ni\u017e\u0161ie uveden\u00e9ho zoznamu a postupujte pod\u013ea pokynov:\n<ol>\n<li><a href=\"http:\/\/support.microsoft.com\/kb\/196955\">Internet Explorer<\/a><\/li>\n<li><a href=\"http:\/\/support.google.com\/chrome\/bin\/answer.py?hl=pl&amp;answer=95647\">Chrome<\/a><\/li>\n<li><a href=\"http:\/\/support.apple.com\/kb\/PH5042\">Safari<\/a><\/li>\n<li><a href=\"http:\/\/support.mozilla.org\/pl\/kb\/W%C5%82%C4%85czanie%20i%20wy%C5%82%C4%85czanie%20obs%C5%82ugi%20ciasteczek\">Firefox<\/a><\/li>\n<li><a href=\"http:\/\/help.opera.com\/Windows\/12.10\/pl\/cookies.html\">Opera<\/a><\/li>\n<li><a href=\"http:\/\/support.google.com\/chrome\/bin\/answer.py?hl=pl&amp;answer=95647\">Android<\/a><\/li>\n<li><a href=\"http:\/\/support.apple.com\/kb\/HT1677?viewlocale=pl_PL\">Safari (iOS)<\/a><\/li>\n<li><a href=\"http:\/\/www.windowsphone.com\/pl-pl\/how-to\/wp7\/web\/changing-privacy-and-other-browser-settings\">Windows Phone<\/a><\/li>\n<li><a href=\"http:\/\/docs.blackberry.com\/en\/smartphone_users\/deliverables\/32004\/Turn_off_cookies_in_the_browser_60_1072866_11.jsp\">Blackberry<\/a><\/li>\n<\/ol>\n<\/li>\n<\/ol>\n","protected":false},"excerpt":{"rendered":"<p>V\u0161eobecn\u00e9 inform\u00e1cie. Prev\u00e1dzkovate\u013eom webovej str\u00e1nky villacoaster.co.uk je Villa Coaster Grzegorz Urba\u0144czyk, 32-607 Polanka Wielka, ul. Jed\u013ea 11. Slu\u017eba vykon\u00e1va funkcie na z\u00edskavanie inform\u00e1ci\u00ed o pou\u017e\u00edvate\u013eoch a ich spr\u00e1van\u00ed t\u00fdmito sp\u00f4sobmi: Dobrovo\u013en\u00fdm zad\u00e1van\u00edm inform\u00e1ci\u00ed do formul\u00e1rov. Ukladan\u00edm s\u00faborov cookie (tzv. &#8222;cookies&#8220;) do koncov\u00fdch zariaden\u00ed. Prostredn\u00edctvom zhroma\u017e\u010fovania protokolov webov\u00e9ho servera prev\u00e1dzkovate\u013eom hostingu [&hellip;]<\/p>\n","protected":false},"author":1,"featured_media":0,"parent":0,"menu_order":0,"comment_status":"closed","ping_status":"open","template":"","meta":{"footnotes":""},"class_list":["post-2034","page","type-page","status-publish","hentry"],"yoast_head":"<!-- This site is optimized with the Yoast SEO plugin v27.4 - https:\/\/yoast.com\/product\/yoast-seo-wordpress\/ -->\n<title>Z\u00e1sady ochrany osobn\u00fdch \u00fadajov - Villa Coaster<\/title>\n<meta name=\"robots\" content=\"index, follow, max-snippet:-1, max-image-preview:large, max-video-preview:-1\" \/>\n<link rel=\"canonical\" href=\"https:\/\/villacoaster.pl\/sk\/zasady-ochrany-osobnych-udajov\/\" \/>\n<meta property=\"og:locale\" content=\"sk_SK\" \/>\n<meta property=\"og:type\" content=\"article\" \/>\n<meta property=\"og:title\" content=\"Z\u00e1sady ochrany osobn\u00fdch \u00fadajov - Villa Coaster\" \/>\n<meta property=\"og:description\" content=\"V\u0161eobecn\u00e9 inform\u00e1cie. Prev\u00e1dzkovate\u013eom webovej str\u00e1nky villacoaster.co.uk je Villa Coaster Grzegorz Urba\u0144czyk, 32-607 Polanka Wielka, ul. Jed\u013ea 11. Slu\u017eba vykon\u00e1va funkcie na z\u00edskavanie inform\u00e1ci\u00ed o pou\u017e\u00edvate\u013eoch a ich spr\u00e1van\u00ed t\u00fdmito sp\u00f4sobmi: Dobrovo\u013en\u00fdm zad\u00e1van\u00edm inform\u00e1ci\u00ed do formul\u00e1rov. Ukladan\u00edm s\u00faborov cookie (tzv. &#8222;cookies&#8220;) do koncov\u00fdch zariaden\u00ed. Prostredn\u00edctvom zhroma\u017e\u010fovania protokolov webov\u00e9ho servera prev\u00e1dzkovate\u013eom hostingu [&hellip;]\" \/>\n<meta property=\"og:url\" content=\"https:\/\/villacoaster.pl\/sk\/zasady-ochrany-osobnych-udajov\/\" \/>\n<meta property=\"og:site_name\" content=\"Villa Coaster\" \/>\n<meta property=\"article:modified_time\" content=\"2024-02-13T22:13:31+00:00\" \/>\n<meta name=\"twitter:card\" content=\"summary_large_image\" \/>\n<meta name=\"twitter:label1\" content=\"Predpokladan\u00fd \u010das \u010d\u00edtania\" \/>\n\t<meta name=\"twitter:data1\" content=\"6 min\u00fat\" \/>\n<script type=\"application\/ld+json\" class=\"yoast-schema-graph\">{\"@context\":\"https:\\\/\\\/schema.org\",\"@graph\":[{\"@type\":\"WebPage\",\"@id\":\"https:\\\/\\\/villacoaster.pl\\\/sk\\\/zasady-ochrany-osobnych-udajov\\\/\",\"url\":\"https:\\\/\\\/villacoaster.pl\\\/sk\\\/zasady-ochrany-osobnych-udajov\\\/\",\"name\":\"Z\u00e1sady ochrany osobn\u00fdch \u00fadajov - Villa Coaster\",\"isPartOf\":{\"@id\":\"https:\\\/\\\/villacoaster.pl\\\/sk\\\/#website\"},\"datePublished\":\"2023-11-09T20:48:46+00:00\",\"dateModified\":\"2024-02-13T22:13:31+00:00\",\"breadcrumb\":{\"@id\":\"https:\\\/\\\/villacoaster.pl\\\/sk\\\/zasady-ochrany-osobnych-udajov\\\/#breadcrumb\"},\"inLanguage\":\"sk-SK\",\"potentialAction\":[{\"@type\":\"ReadAction\",\"target\":[\"https:\\\/\\\/villacoaster.pl\\\/sk\\\/zasady-ochrany-osobnych-udajov\\\/\"]}]},{\"@type\":\"BreadcrumbList\",\"@id\":\"https:\\\/\\\/villacoaster.pl\\\/sk\\\/zasady-ochrany-osobnych-udajov\\\/#breadcrumb\",\"itemListElement\":[{\"@type\":\"ListItem\",\"position\":1,\"name\":\"Strona g\u0142\u00f3wna\",\"item\":\"https:\\\/\\\/villacoaster.pl\\\/sk\\\/\"},{\"@type\":\"ListItem\",\"position\":2,\"name\":\"Z\u00e1sady ochrany osobn\u00fdch \u00fadajov\"}]},{\"@type\":\"WebSite\",\"@id\":\"https:\\\/\\\/villacoaster.pl\\\/sk\\\/#website\",\"url\":\"https:\\\/\\\/villacoaster.pl\\\/sk\\\/\",\"name\":\"Villa Coaster\",\"description\":\"\",\"publisher\":{\"@id\":\"https:\\\/\\\/villacoaster.pl\\\/sk\\\/#organization\"},\"potentialAction\":[{\"@type\":\"SearchAction\",\"target\":{\"@type\":\"EntryPoint\",\"urlTemplate\":\"https:\\\/\\\/villacoaster.pl\\\/sk\\\/?s={search_term_string}\"},\"query-input\":{\"@type\":\"PropertyValueSpecification\",\"valueRequired\":true,\"valueName\":\"search_term_string\"}}],\"inLanguage\":\"sk-SK\"},{\"@type\":\"Organization\",\"@id\":\"https:\\\/\\\/villacoaster.pl\\\/sk\\\/#organization\",\"name\":\"Villa Coaster\",\"url\":\"https:\\\/\\\/villacoaster.pl\\\/sk\\\/\",\"logo\":{\"@type\":\"ImageObject\",\"inLanguage\":\"sk-SK\",\"@id\":\"https:\\\/\\\/villacoaster.pl\\\/sk\\\/#\\\/schema\\\/logo\\\/image\\\/\",\"url\":\"https:\\\/\\\/villacoaster.pl\\\/wp-content\\\/uploads\\\/2023\\\/11\\\/VILLA-COASTER-favicon.png\",\"contentUrl\":\"https:\\\/\\\/villacoaster.pl\\\/wp-content\\\/uploads\\\/2023\\\/11\\\/VILLA-COASTER-favicon.png\",\"width\":144,\"height\":144,\"caption\":\"Villa Coaster\"},\"image\":{\"@id\":\"https:\\\/\\\/villacoaster.pl\\\/sk\\\/#\\\/schema\\\/logo\\\/image\\\/\"}}]}<\/script>\n<!-- \/ Yoast SEO plugin. -->","yoast_head_json":{"title":"Z\u00e1sady ochrany osobn\u00fdch \u00fadajov - Villa Coaster","robots":{"index":"index","follow":"follow","max-snippet":"max-snippet:-1","max-image-preview":"max-image-preview:large","max-video-preview":"max-video-preview:-1"},"canonical":"https:\/\/villacoaster.pl\/sk\/zasady-ochrany-osobnych-udajov\/","og_locale":"sk_SK","og_type":"article","og_title":"Z\u00e1sady ochrany osobn\u00fdch \u00fadajov - Villa Coaster","og_description":"V\u0161eobecn\u00e9 inform\u00e1cie. Prev\u00e1dzkovate\u013eom webovej str\u00e1nky villacoaster.co.uk je Villa Coaster Grzegorz Urba\u0144czyk, 32-607 Polanka Wielka, ul. Jed\u013ea 11. Slu\u017eba vykon\u00e1va funkcie na z\u00edskavanie inform\u00e1ci\u00ed o pou\u017e\u00edvate\u013eoch a ich spr\u00e1van\u00ed t\u00fdmito sp\u00f4sobmi: Dobrovo\u013en\u00fdm zad\u00e1van\u00edm inform\u00e1ci\u00ed do formul\u00e1rov. Ukladan\u00edm s\u00faborov cookie (tzv. &#8222;cookies&#8220;) do koncov\u00fdch zariaden\u00ed. Prostredn\u00edctvom zhroma\u017e\u010fovania protokolov webov\u00e9ho servera prev\u00e1dzkovate\u013eom hostingu [&hellip;]","og_url":"https:\/\/villacoaster.pl\/sk\/zasady-ochrany-osobnych-udajov\/","og_site_name":"Villa Coaster","article_modified_time":"2024-02-13T22:13:31+00:00","twitter_card":"summary_large_image","twitter_misc":{"Predpokladan\u00fd \u010das \u010d\u00edtania":"6 min\u00fat"},"schema":{"@context":"https:\/\/schema.org","@graph":[{"@type":"WebPage","@id":"https:\/\/villacoaster.pl\/sk\/zasady-ochrany-osobnych-udajov\/","url":"https:\/\/villacoaster.pl\/sk\/zasady-ochrany-osobnych-udajov\/","name":"Z\u00e1sady ochrany osobn\u00fdch \u00fadajov - Villa Coaster","isPartOf":{"@id":"https:\/\/villacoaster.pl\/sk\/#website"},"datePublished":"2023-11-09T20:48:46+00:00","dateModified":"2024-02-13T22:13:31+00:00","breadcrumb":{"@id":"https:\/\/villacoaster.pl\/sk\/zasady-ochrany-osobnych-udajov\/#breadcrumb"},"inLanguage":"sk-SK","potentialAction":[{"@type":"ReadAction","target":["https:\/\/villacoaster.pl\/sk\/zasady-ochrany-osobnych-udajov\/"]}]},{"@type":"BreadcrumbList","@id":"https:\/\/villacoaster.pl\/sk\/zasady-ochrany-osobnych-udajov\/#breadcrumb","itemListElement":[{"@type":"ListItem","position":1,"name":"Strona g\u0142\u00f3wna","item":"https:\/\/villacoaster.pl\/sk\/"},{"@type":"ListItem","position":2,"name":"Z\u00e1sady ochrany osobn\u00fdch \u00fadajov"}]},{"@type":"WebSite","@id":"https:\/\/villacoaster.pl\/sk\/#website","url":"https:\/\/villacoaster.pl\/sk\/","name":"Villa Coaster","description":"","publisher":{"@id":"https:\/\/villacoaster.pl\/sk\/#organization"},"potentialAction":[{"@type":"SearchAction","target":{"@type":"EntryPoint","urlTemplate":"https:\/\/villacoaster.pl\/sk\/?s={search_term_string}"},"query-input":{"@type":"PropertyValueSpecification","valueRequired":true,"valueName":"search_term_string"}}],"inLanguage":"sk-SK"},{"@type":"Organization","@id":"https:\/\/villacoaster.pl\/sk\/#organization","name":"Villa Coaster","url":"https:\/\/villacoaster.pl\/sk\/","logo":{"@type":"ImageObject","inLanguage":"sk-SK","@id":"https:\/\/villacoaster.pl\/sk\/#\/schema\/logo\/image\/","url":"https:\/\/villacoaster.pl\/wp-content\/uploads\/2023\/11\/VILLA-COASTER-favicon.png","contentUrl":"https:\/\/villacoaster.pl\/wp-content\/uploads\/2023\/11\/VILLA-COASTER-favicon.png","width":144,"height":144,"caption":"Villa Coaster"},"image":{"@id":"https:\/\/villacoaster.pl\/sk\/#\/schema\/logo\/image\/"}}]}},"_links":{"self":[{"href":"https:\/\/villacoaster.pl\/sk\/wp-json\/wp\/v2\/pages\/2034","targetHints":{"allow":["GET"]}}],"collection":[{"href":"https:\/\/villacoaster.pl\/sk\/wp-json\/wp\/v2\/pages"}],"about":[{"href":"https:\/\/villacoaster.pl\/sk\/wp-json\/wp\/v2\/types\/page"}],"author":[{"embeddable":true,"href":"https:\/\/villacoaster.pl\/sk\/wp-json\/wp\/v2\/users\/1"}],"replies":[{"embeddable":true,"href":"https:\/\/villacoaster.pl\/sk\/wp-json\/wp\/v2\/comments?post=2034"}],"version-history":[{"count":1,"href":"https:\/\/villacoaster.pl\/sk\/wp-json\/wp\/v2\/pages\/2034\/revisions"}],"predecessor-version":[{"id":2036,"href":"https:\/\/villacoaster.pl\/sk\/wp-json\/wp\/v2\/pages\/2034\/revisions\/2036"}],"wp:attachment":[{"href":"https:\/\/villacoaster.pl\/sk\/wp-json\/wp\/v2\/media?parent=2034"}],"curies":[{"name":"wp","href":"https:\/\/api.w.org\/{rel}","templated":true}]}}