{"id":2021,"date":"2023-11-09T22:01:48","date_gmt":"2023-11-09T21:01:48","guid":{"rendered":"https:\/\/villacoaster.pl\/o-nas\/"},"modified":"2024-02-13T23:13:31","modified_gmt":"2024-02-13T22:13:31","slug":"o-nas","status":"publish","type":"page","link":"https:\/\/villacoaster.pl\/sk\/o-nas\/","title":{"rendered":"O n\u00e1s"},"content":{"rendered":"<div class=\"fusion-fullwidth fullwidth-box fusion-builder-row-1 fusion-flex-container has-pattern-background has-mask-background p-default p-about nonhundred-percent-fullwidth non-hundred-percent-height-scrolling\" style=\"--awb-border-radius-top-left:0px;--awb-border-radius-top-right:0px;--awb-border-radius-bottom-right:0px;--awb-border-radius-bottom-left:0px;--awb-flex-wrap:wrap;\" ><div class=\"fusion-builder-row fusion-row fusion-flex-align-items-flex-start fusion-flex-content-wrap\" style=\"max-width:1248px;margin-left: calc(-4% \/ 2 );margin-right: calc(-4% \/ 2 );\"><div class=\"fusion-layout-column fusion_builder_column fusion-builder-column-0 fusion_builder_column_1_1 1_1 fusion-flex-column\" style=\"--awb-bg-size:cover;--awb-width-large:100%;--awb-margin-top-large:0px;--awb-spacing-right-large:1.92%;--awb-margin-bottom-large:0px;--awb-spacing-left-large:1.92%;--awb-width-medium:100%;--awb-spacing-right-medium:1.92%;--awb-spacing-left-medium:1.92%;--awb-width-small:100%;--awb-spacing-right-small:1.92%;--awb-spacing-left-small:1.92%;\"><div class=\"fusion-column-wrapper fusion-flex-justify-content-flex-start fusion-content-layout-column\"><div class=\"fusion-text fusion-text-1\"><h3>Riadime sa heslom <strong>&#8222;Priatelia na\u0161ich priate\u013eov s\u00fa na\u0161imi priate\u013emi<\/strong>&#8222;.<\/h3>\n<p><strong>Pon\u00fakame v\u00e1m nov\u00e9 byty vo VILLA COASTER.<\/strong><\/p>\n<p><strong><img decoding=\"async\" class=\"lazyload wp-image-342 size-fusion-600 alignright\" src=\"https:\/\/villacoaster.pl\/wp-content\/uploads\/2024\/01\/Coaster-104-600x400.jpg\" data-orig-src=\"https:\/\/villacoaster.pl\/wp-content\/uploads\/2024\/01\/Coaster-104-600x400.jpg\" alt=\"\" width=\"600\" height=\"400\" srcset=\"data:image\/svg+xml,%3Csvg%20xmlns%3D%27http%3A%2F%2Fwww.w3.org%2F2000%2Fsvg%27%20width%3D%27600%27%20height%3D%27400%27%20viewBox%3D%270%200%20600%20400%27%3E%3Crect%20width%3D%27600%27%20height%3D%27400%27%20fill-opacity%3D%220%22%2F%3E%3C%2Fsvg%3E\" data-srcset=\"https:\/\/villacoaster.pl\/wp-content\/uploads\/2024\/01\/Coaster-104-200x133.jpg 200w, https:\/\/villacoaster.pl\/wp-content\/uploads\/2024\/01\/Coaster-104-300x200.jpg 300w, https:\/\/villacoaster.pl\/wp-content\/uploads\/2024\/01\/Coaster-104-400x267.jpg 400w, https:\/\/villacoaster.pl\/wp-content\/uploads\/2024\/01\/Coaster-104-600x400.jpg 600w, https:\/\/villacoaster.pl\/wp-content\/uploads\/2024\/01\/Coaster-104-768x512.jpg 768w, https:\/\/villacoaster.pl\/wp-content\/uploads\/2024\/01\/Coaster-104-800x533.jpg 800w, https:\/\/villacoaster.pl\/wp-content\/uploads\/2024\/01\/Coaster-104-1024x683.jpg 1024w, https:\/\/villacoaster.pl\/wp-content\/uploads\/2024\/01\/Coaster-104-1200x800.jpg 1200w, https:\/\/villacoaster.pl\/wp-content\/uploads\/2024\/01\/Coaster-104-1536x1024.jpg 1536w\" data-sizes=\"auto\" data-orig-sizes=\"(max-width: 600px) 100vw, 600px\" \/><\/strong><\/p>\n<p>U\u017eite si nezabudnute\u013en\u00fd pobyt v na\u0161ich modern\u00fdch apartm\u00e1noch v malebnom prostred\u00ed. Na\u0161a ponuka je ide\u00e1lna pre rodiny, p\u00e1ry alebo skupinu priate\u013eov, ktor\u00ed chc\u00fa objavi\u0165 \u010daro tohto regi\u00f3nu. Na\u0161e byty sa nach\u00e1dzaj\u00fa v pokojnej a p\u00f4vabnej oblasti s pohodln\u00fdm pr\u00edstupom k hlavn\u00fdm atrakci\u00e1m mesta Zator, ako je Energylandia a park miniat\u00far &#8222;Dreamland&#8220;. V\u010faka na\u0161ej polohe sme v bl\u00edzkosti r\u00f4znych atrakci\u00ed pre deti, ako je Zatorland, park dinosaurov DinoZatorland a centrum environment\u00e1lnej v\u00fdchovy Forest Paradise. Pon\u00fakame pr\u00edstup k o\u010daruj\u00facim zelen\u00fdm ploch\u00e1m, ktor\u00e9 s\u00fa ide\u00e1lne na prech\u00e1dzky, cyklistick\u00e9 v\u00fdlety alebo pikniky. K dispoz\u00edcii s\u00fa aj turistick\u00e9 chodn\u00edky na spozn\u00e1vanie malebnej krajiny. Nach\u00e1dzame sa v tesnej bl\u00edzkosti historick\u00fdch pamiatok, \u010do v\u00e1m umo\u017en\u00ed spozna\u0165 bohat\u00fa hist\u00f3riu regi\u00f3nu.<\/p>\n<blockquote>\n<p>Vitajte v na\u0161ich starostlivo navrhnut\u00fdch apartm\u00e1noch, kde sa postar\u00e1me o ka\u017ed\u00fd detail, aby sme v\u00e1m zabezpe\u010dili pohodln\u00fd a nezabudnute\u013en\u00fd pobyt. Na\u0161e byty s\u00fa jedine\u010dn\u00e9 priestory, v ktor\u00fdch starostlivo vybran\u00fd interi\u00e9rov\u00fd dizajn vytv\u00e1ra atmosf\u00e9ru vhodn\u00fa na relax\u00e1ciu a oddych.<\/p>\n<\/blockquote>\n<\/div><\/div><\/div><\/div><\/div>\n","protected":false},"excerpt":{"rendered":"","protected":false},"author":1,"featured_media":0,"parent":0,"menu_order":0,"comment_status":"closed","ping_status":"closed","template":"100-width.php","meta":{"footnotes":""},"class_list":["post-2021","page","type-page","status-publish","hentry"],"yoast_head":"<!-- This site is optimized with the Yoast SEO plugin v27.4 - https:\/\/yoast.com\/product\/yoast-seo-wordpress\/ -->\n<title>O n\u00e1s - Villa Coaster<\/title>\n<meta name=\"robots\" content=\"index, follow, max-snippet:-1, max-image-preview:large, max-video-preview:-1\" \/>\n<link rel=\"canonical\" href=\"https:\/\/villacoaster.pl\/sk\/o-nas\/\" \/>\n<meta property=\"og:locale\" content=\"sk_SK\" \/>\n<meta property=\"og:type\" content=\"article\" \/>\n<meta property=\"og:title\" content=\"O n\u00e1s - Villa Coaster\" \/>\n<meta property=\"og:url\" content=\"https:\/\/villacoaster.pl\/sk\/o-nas\/\" \/>\n<meta property=\"og:site_name\" content=\"Villa Coaster\" \/>\n<meta property=\"article:modified_time\" content=\"2024-02-13T22:13:31+00:00\" \/>\n<meta property=\"og:image\" content=\"https:\/\/villacoaster.pl\/wp-content\/uploads\/2024\/01\/Coaster-104-600x400.jpg\" \/>\n<meta name=\"twitter:card\" content=\"summary_large_image\" \/>\n<meta name=\"twitter:label1\" content=\"Predpokladan\u00fd \u010das \u010d\u00edtania\" \/>\n\t<meta name=\"twitter:data1\" content=\"4 min\u00faty\" \/>\n<script type=\"application\/ld+json\" class=\"yoast-schema-graph\">{\"@context\":\"https:\\\/\\\/schema.org\",\"@graph\":[{\"@type\":\"WebPage\",\"@id\":\"https:\\\/\\\/villacoaster.pl\\\/sk\\\/o-nas\\\/\",\"url\":\"https:\\\/\\\/villacoaster.pl\\\/sk\\\/o-nas\\\/\",\"name\":\"O n\u00e1s - Villa Coaster\",\"isPartOf\":{\"@id\":\"https:\\\/\\\/villacoaster.pl\\\/sk\\\/#website\"},\"primaryImageOfPage\":{\"@id\":\"https:\\\/\\\/villacoaster.pl\\\/sk\\\/o-nas\\\/#primaryimage\"},\"image\":{\"@id\":\"https:\\\/\\\/villacoaster.pl\\\/sk\\\/o-nas\\\/#primaryimage\"},\"thumbnailUrl\":\"https:\\\/\\\/villacoaster.pl\\\/wp-content\\\/uploads\\\/2024\\\/01\\\/Coaster-104-600x400.jpg\",\"datePublished\":\"2023-11-09T21:01:48+00:00\",\"dateModified\":\"2024-02-13T22:13:31+00:00\",\"breadcrumb\":{\"@id\":\"https:\\\/\\\/villacoaster.pl\\\/sk\\\/o-nas\\\/#breadcrumb\"},\"inLanguage\":\"sk-SK\",\"potentialAction\":[{\"@type\":\"ReadAction\",\"target\":[\"https:\\\/\\\/villacoaster.pl\\\/sk\\\/o-nas\\\/\"]}]},{\"@type\":\"ImageObject\",\"inLanguage\":\"sk-SK\",\"@id\":\"https:\\\/\\\/villacoaster.pl\\\/sk\\\/o-nas\\\/#primaryimage\",\"url\":\"https:\\\/\\\/villacoaster.pl\\\/wp-content\\\/uploads\\\/2024\\\/01\\\/Coaster-104-600x400.jpg\",\"contentUrl\":\"https:\\\/\\\/villacoaster.pl\\\/wp-content\\\/uploads\\\/2024\\\/01\\\/Coaster-104-600x400.jpg\"},{\"@type\":\"BreadcrumbList\",\"@id\":\"https:\\\/\\\/villacoaster.pl\\\/sk\\\/o-nas\\\/#breadcrumb\",\"itemListElement\":[{\"@type\":\"ListItem\",\"position\":1,\"name\":\"Strona g\u0142\u00f3wna\",\"item\":\"https:\\\/\\\/villacoaster.pl\\\/sk\\\/\"},{\"@type\":\"ListItem\",\"position\":2,\"name\":\"O n\u00e1s\"}]},{\"@type\":\"WebSite\",\"@id\":\"https:\\\/\\\/villacoaster.pl\\\/sk\\\/#website\",\"url\":\"https:\\\/\\\/villacoaster.pl\\\/sk\\\/\",\"name\":\"Villa Coaster\",\"description\":\"\",\"publisher\":{\"@id\":\"https:\\\/\\\/villacoaster.pl\\\/sk\\\/#organization\"},\"potentialAction\":[{\"@type\":\"SearchAction\",\"target\":{\"@type\":\"EntryPoint\",\"urlTemplate\":\"https:\\\/\\\/villacoaster.pl\\\/sk\\\/?s={search_term_string}\"},\"query-input\":{\"@type\":\"PropertyValueSpecification\",\"valueRequired\":true,\"valueName\":\"search_term_string\"}}],\"inLanguage\":\"sk-SK\"},{\"@type\":\"Organization\",\"@id\":\"https:\\\/\\\/villacoaster.pl\\\/sk\\\/#organization\",\"name\":\"Villa Coaster\",\"url\":\"https:\\\/\\\/villacoaster.pl\\\/sk\\\/\",\"logo\":{\"@type\":\"ImageObject\",\"inLanguage\":\"sk-SK\",\"@id\":\"https:\\\/\\\/villacoaster.pl\\\/sk\\\/#\\\/schema\\\/logo\\\/image\\\/\",\"url\":\"https:\\\/\\\/villacoaster.pl\\\/wp-content\\\/uploads\\\/2023\\\/11\\\/VILLA-COASTER-favicon.png\",\"contentUrl\":\"https:\\\/\\\/villacoaster.pl\\\/wp-content\\\/uploads\\\/2023\\\/11\\\/VILLA-COASTER-favicon.png\",\"width\":144,\"height\":144,\"caption\":\"Villa Coaster\"},\"image\":{\"@id\":\"https:\\\/\\\/villacoaster.pl\\\/sk\\\/#\\\/schema\\\/logo\\\/image\\\/\"}}]}<\/script>\n<!-- \/ Yoast SEO plugin. -->","yoast_head_json":{"title":"O n\u00e1s - Villa Coaster","robots":{"index":"index","follow":"follow","max-snippet":"max-snippet:-1","max-image-preview":"max-image-preview:large","max-video-preview":"max-video-preview:-1"},"canonical":"https:\/\/villacoaster.pl\/sk\/o-nas\/","og_locale":"sk_SK","og_type":"article","og_title":"O n\u00e1s - Villa Coaster","og_url":"https:\/\/villacoaster.pl\/sk\/o-nas\/","og_site_name":"Villa Coaster","article_modified_time":"2024-02-13T22:13:31+00:00","og_image":[{"url":"https:\/\/villacoaster.pl\/wp-content\/uploads\/2024\/01\/Coaster-104-600x400.jpg","type":"","width":"","height":""}],"twitter_card":"summary_large_image","twitter_misc":{"Predpokladan\u00fd \u010das \u010d\u00edtania":"4 min\u00faty"},"schema":{"@context":"https:\/\/schema.org","@graph":[{"@type":"WebPage","@id":"https:\/\/villacoaster.pl\/sk\/o-nas\/","url":"https:\/\/villacoaster.pl\/sk\/o-nas\/","name":"O n\u00e1s - Villa Coaster","isPartOf":{"@id":"https:\/\/villacoaster.pl\/sk\/#website"},"primaryImageOfPage":{"@id":"https:\/\/villacoaster.pl\/sk\/o-nas\/#primaryimage"},"image":{"@id":"https:\/\/villacoaster.pl\/sk\/o-nas\/#primaryimage"},"thumbnailUrl":"https:\/\/villacoaster.pl\/wp-content\/uploads\/2024\/01\/Coaster-104-600x400.jpg","datePublished":"2023-11-09T21:01:48+00:00","dateModified":"2024-02-13T22:13:31+00:00","breadcrumb":{"@id":"https:\/\/villacoaster.pl\/sk\/o-nas\/#breadcrumb"},"inLanguage":"sk-SK","potentialAction":[{"@type":"ReadAction","target":["https:\/\/villacoaster.pl\/sk\/o-nas\/"]}]},{"@type":"ImageObject","inLanguage":"sk-SK","@id":"https:\/\/villacoaster.pl\/sk\/o-nas\/#primaryimage","url":"https:\/\/villacoaster.pl\/wp-content\/uploads\/2024\/01\/Coaster-104-600x400.jpg","contentUrl":"https:\/\/villacoaster.pl\/wp-content\/uploads\/2024\/01\/Coaster-104-600x400.jpg"},{"@type":"BreadcrumbList","@id":"https:\/\/villacoaster.pl\/sk\/o-nas\/#breadcrumb","itemListElement":[{"@type":"ListItem","position":1,"name":"Strona g\u0142\u00f3wna","item":"https:\/\/villacoaster.pl\/sk\/"},{"@type":"ListItem","position":2,"name":"O n\u00e1s"}]},{"@type":"WebSite","@id":"https:\/\/villacoaster.pl\/sk\/#website","url":"https:\/\/villacoaster.pl\/sk\/","name":"Villa Coaster","description":"","publisher":{"@id":"https:\/\/villacoaster.pl\/sk\/#organization"},"potentialAction":[{"@type":"SearchAction","target":{"@type":"EntryPoint","urlTemplate":"https:\/\/villacoaster.pl\/sk\/?s={search_term_string}"},"query-input":{"@type":"PropertyValueSpecification","valueRequired":true,"valueName":"search_term_string"}}],"inLanguage":"sk-SK"},{"@type":"Organization","@id":"https:\/\/villacoaster.pl\/sk\/#organization","name":"Villa Coaster","url":"https:\/\/villacoaster.pl\/sk\/","logo":{"@type":"ImageObject","inLanguage":"sk-SK","@id":"https:\/\/villacoaster.pl\/sk\/#\/schema\/logo\/image\/","url":"https:\/\/villacoaster.pl\/wp-content\/uploads\/2023\/11\/VILLA-COASTER-favicon.png","contentUrl":"https:\/\/villacoaster.pl\/wp-content\/uploads\/2023\/11\/VILLA-COASTER-favicon.png","width":144,"height":144,"caption":"Villa Coaster"},"image":{"@id":"https:\/\/villacoaster.pl\/sk\/#\/schema\/logo\/image\/"}}]}},"_links":{"self":[{"href":"https:\/\/villacoaster.pl\/sk\/wp-json\/wp\/v2\/pages\/2021","targetHints":{"allow":["GET"]}}],"collection":[{"href":"https:\/\/villacoaster.pl\/sk\/wp-json\/wp\/v2\/pages"}],"about":[{"href":"https:\/\/villacoaster.pl\/sk\/wp-json\/wp\/v2\/types\/page"}],"author":[{"embeddable":true,"href":"https:\/\/villacoaster.pl\/sk\/wp-json\/wp\/v2\/users\/1"}],"replies":[{"embeddable":true,"href":"https:\/\/villacoaster.pl\/sk\/wp-json\/wp\/v2\/comments?post=2021"}],"version-history":[{"count":6,"href":"https:\/\/villacoaster.pl\/sk\/wp-json\/wp\/v2\/pages\/2021\/revisions"}],"predecessor-version":[{"id":2038,"href":"https:\/\/villacoaster.pl\/sk\/wp-json\/wp\/v2\/pages\/2021\/revisions\/2038"}],"wp:attachment":[{"href":"https:\/\/villacoaster.pl\/sk\/wp-json\/wp\/v2\/media?parent=2021"}],"curies":[{"name":"wp","href":"https:\/\/api.w.org\/{rel}","templated":true}]}}