{"id":1997,"date":"2023-11-09T22:02:24","date_gmt":"2023-11-09T21:02:24","guid":{"rendered":"https:\/\/villacoaster.pl\/rezervacia\/"},"modified":"2024-02-14T08:35:27","modified_gmt":"2024-02-14T07:35:27","slug":"rezervacia","status":"publish","type":"page","link":"https:\/\/villacoaster.pl\/sk\/rezervacia\/","title":{"rendered":"Rezerv\u00e1cia"},"content":{"rendered":"<p><div class=\"fusion-fullwidth fullwidth-box fusion-builder-row-1 fusion-flex-container has-pattern-background has-mask-background p-default nonhundred-percent-fullwidth non-hundred-percent-height-scrolling\" style=\"--awb-border-radius-top-left:0px;--awb-border-radius-top-right:0px;--awb-border-radius-bottom-right:0px;--awb-border-radius-bottom-left:0px;--awb-flex-wrap:wrap;\" ><div class=\"fusion-builder-row fusion-row fusion-flex-align-items-flex-start fusion-flex-content-wrap\" style=\"max-width:1248px;margin-left: calc(-4% \/ 2 );margin-right: calc(-4% \/ 2 );\"><div class=\"fusion-layout-column fusion_builder_column fusion-builder-column-0 fusion_builder_column_1_1 1_1 fusion-flex-column\" style=\"--awb-bg-size:cover;--awb-width-large:100%;--awb-margin-top-large:0px;--awb-spacing-right-large:1.92%;--awb-margin-bottom-large:0px;--awb-spacing-left-large:1.92%;--awb-width-medium:100%;--awb-spacing-right-medium:1.92%;--awb-spacing-left-medium:1.92%;--awb-width-small:100%;--awb-spacing-right-small:1.92%;--awb-spacing-left-small:1.92%;\"><div class=\"fusion-column-wrapper fusion-flex-justify-content-flex-start fusion-content-layout-column\"><div class=\"fusion-text fusion-text-1\"><p style=\"text-align: center;\">Vychutnajte si nezabudnute\u013en\u00fa dovolenku v na\u0161ich apartm\u00e1noch, kde si m\u00f4\u017eete vychutna\u0165 pohodlie, bl\u00edzkos\u0165 turistick\u00fdch atrakci\u00ed a pokoj malebn\u00e9ho okolia.<\/p>\n<\/div><\/div><\/div><\/div><\/div><div class=\"fusion-fullwidth fullwidth-box fusion-builder-row-2 fusion-flex-container has-pattern-background has-mask-background p-reserv nonhundred-percent-fullwidth non-hundred-percent-height-scrolling\" style=\"--awb-border-radius-top-left:0px;--awb-border-radius-top-right:0px;--awb-border-radius-bottom-right:0px;--awb-border-radius-bottom-left:0px;--awb-flex-wrap:wrap;\" ><div class=\"fusion-builder-row fusion-row fusion-flex-align-items-flex-start fusion-flex-content-wrap\" style=\"max-width:1248px;margin-left: calc(-4% \/ 2 );margin-right: calc(-4% \/ 2 );\"><div class=\"fusion-layout-column fusion_builder_column fusion-builder-column-1 fusion_builder_column_1_1 1_1 fusion-flex-column\" style=\"--awb-bg-size:cover;--awb-width-large:100%;--awb-margin-top-large:0px;--awb-spacing-right-large:1.92%;--awb-margin-bottom-large:20px;--awb-spacing-left-large:1.92%;--awb-width-medium:100%;--awb-order-medium:0;--awb-spacing-right-medium:1.92%;--awb-spacing-left-medium:1.92%;--awb-width-small:100%;--awb-order-small:0;--awb-spacing-right-small:1.92%;--awb-spacing-left-small:1.92%;\"><div class=\"fusion-column-wrapper fusion-column-has-shadow fusion-flex-justify-content-flex-start fusion-content-layout-column\"><div class=\"fusion-text fusion-text-2\"><h3 style=\"text-align: center;\">Vyh\u013ead\u00e1vanie vhodn\u00e9ho d\u00e1tumu<\/h3>\n<\/div><div id=\"widgetHolder_se7z1ims7\"><\/div>\n  <script>\n    (function (w, d, s, o, f, js, fjs) {\n      if (w[o]) return;\n      w['BB-Widget'] = o; w[o] = w[o] || function () { (w[o].q = w[o].q || []).push(arguments) };\n      js = d.createElement(s), fjs = d.getElementsByTagName(s)[0];\n      js.id = o; js.src = f; js.async = 1; fjs.parentNode.insertBefore(js, fjs);\n    }(window, document, 'script', 'w1', 'https:\/\/bed-booking.com\/widget\/widget.js'));\n    w1('init', {targetElementId: 'widgetHolder_se7z1ims7',widgetId: '3f91f2771b9388232d875e441573cc5bfbefeb7b', type:'simple', staticWidget: 1})\n  <\/script><\/div><\/div><div class=\"fusion-layout-column fusion_builder_column fusion-builder-column-2 fusion_builder_column_1_1 1_1 fusion-flex-column\" style=\"--awb-bg-size:cover;--awb-width-large:100%;--awb-margin-top-large:40px;--awb-spacing-right-large:1.92%;--awb-margin-bottom-large:20px;--awb-spacing-left-large:1.92%;--awb-width-medium:100%;--awb-order-medium:0;--awb-spacing-right-medium:1.92%;--awb-spacing-left-medium:1.92%;--awb-width-small:100%;--awb-order-small:0;--awb-spacing-right-small:1.92%;--awb-spacing-left-small:1.92%;\"><div class=\"fusion-column-wrapper fusion-column-has-shadow fusion-flex-justify-content-flex-start fusion-content-layout-column\"><div class=\"fusion-text fusion-text-3\"><h3 style=\"text-align: center;\">alebo vyberte dostupn\u00fd d\u00e1tum z kalend\u00e1ra<\/h3>\n<\/div><div id=\"widgetHolder_ei6m0uiar\"><\/div>\n  <script>\n    (function (w, d, s, o, f, js, fjs) {\n      if (w[o]) return;\n      w['BB-Widget'] = o; w[o] = w[o] || function () { (w[o].q = w[o].q || []).push(arguments) };\n      js = d.createElement(s), fjs = d.getElementsByTagName(s)[0];\n      js.id = o; js.src = f; js.async = 1; fjs.parentNode.insertBefore(js, fjs);\n    }(window, document, 'script', 'w1', 'https:\/\/bed-booking.com\/widget\/widget.js'));\n    w1('init', {targetElementId: 'widgetHolder_ei6m0uiar',widgetId: '3f91f2771b9388232d875e441573cc5bfbefeb7b', type:'calendar'})\n  <\/script><\/div><\/div><\/div><\/div><\/p>\n","protected":false},"excerpt":{"rendered":"","protected":false},"author":1,"featured_media":0,"parent":0,"menu_order":0,"comment_status":"closed","ping_status":"closed","template":"100-width.php","meta":{"footnotes":""},"class_list":["post-1997","page","type-page","status-publish","hentry"],"yoast_head":"<!-- This site is optimized with the Yoast SEO plugin v27.4 - https:\/\/yoast.com\/product\/yoast-seo-wordpress\/ -->\n<title>Rezerv\u00e1cia - Villa Coaster<\/title>\n<meta name=\"robots\" content=\"index, follow, max-snippet:-1, max-image-preview:large, max-video-preview:-1\" \/>\n<link rel=\"canonical\" href=\"https:\/\/villacoaster.pl\/sk\/rezervacia\/\" \/>\n<meta property=\"og:locale\" content=\"sk_SK\" \/>\n<meta property=\"og:type\" content=\"article\" \/>\n<meta property=\"og:title\" content=\"Rezerv\u00e1cia - Villa Coaster\" \/>\n<meta property=\"og:url\" content=\"https:\/\/villacoaster.pl\/sk\/rezervacia\/\" \/>\n<meta property=\"og:site_name\" content=\"Villa Coaster\" \/>\n<meta property=\"article:modified_time\" content=\"2024-02-14T07:35:27+00:00\" \/>\n<meta name=\"twitter:card\" content=\"summary_large_image\" \/>\n<meta name=\"twitter:label1\" content=\"Predpokladan\u00fd \u010das \u010d\u00edtania\" \/>\n\t<meta name=\"twitter:data1\" content=\"10 min\u00fat\" \/>\n<script type=\"application\/ld+json\" class=\"yoast-schema-graph\">{\"@context\":\"https:\\\/\\\/schema.org\",\"@graph\":[{\"@type\":\"WebPage\",\"@id\":\"https:\\\/\\\/villacoaster.pl\\\/sk\\\/rezervacia\\\/\",\"url\":\"https:\\\/\\\/villacoaster.pl\\\/sk\\\/rezervacia\\\/\",\"name\":\"Rezerv\u00e1cia - Villa Coaster\",\"isPartOf\":{\"@id\":\"https:\\\/\\\/villacoaster.pl\\\/sk\\\/#website\"},\"datePublished\":\"2023-11-09T21:02:24+00:00\",\"dateModified\":\"2024-02-14T07:35:27+00:00\",\"breadcrumb\":{\"@id\":\"https:\\\/\\\/villacoaster.pl\\\/sk\\\/rezervacia\\\/#breadcrumb\"},\"inLanguage\":\"sk-SK\",\"potentialAction\":[{\"@type\":\"ReadAction\",\"target\":[\"https:\\\/\\\/villacoaster.pl\\\/sk\\\/rezervacia\\\/\"]}]},{\"@type\":\"BreadcrumbList\",\"@id\":\"https:\\\/\\\/villacoaster.pl\\\/sk\\\/rezervacia\\\/#breadcrumb\",\"itemListElement\":[{\"@type\":\"ListItem\",\"position\":1,\"name\":\"Strona g\u0142\u00f3wna\",\"item\":\"https:\\\/\\\/villacoaster.pl\\\/sk\\\/\"},{\"@type\":\"ListItem\",\"position\":2,\"name\":\"Rezerv\u00e1cia\"}]},{\"@type\":\"WebSite\",\"@id\":\"https:\\\/\\\/villacoaster.pl\\\/sk\\\/#website\",\"url\":\"https:\\\/\\\/villacoaster.pl\\\/sk\\\/\",\"name\":\"Villa Coaster\",\"description\":\"\",\"publisher\":{\"@id\":\"https:\\\/\\\/villacoaster.pl\\\/sk\\\/#organization\"},\"potentialAction\":[{\"@type\":\"SearchAction\",\"target\":{\"@type\":\"EntryPoint\",\"urlTemplate\":\"https:\\\/\\\/villacoaster.pl\\\/sk\\\/?s={search_term_string}\"},\"query-input\":{\"@type\":\"PropertyValueSpecification\",\"valueRequired\":true,\"valueName\":\"search_term_string\"}}],\"inLanguage\":\"sk-SK\"},{\"@type\":\"Organization\",\"@id\":\"https:\\\/\\\/villacoaster.pl\\\/sk\\\/#organization\",\"name\":\"Villa Coaster\",\"url\":\"https:\\\/\\\/villacoaster.pl\\\/sk\\\/\",\"logo\":{\"@type\":\"ImageObject\",\"inLanguage\":\"sk-SK\",\"@id\":\"https:\\\/\\\/villacoaster.pl\\\/sk\\\/#\\\/schema\\\/logo\\\/image\\\/\",\"url\":\"https:\\\/\\\/villacoaster.pl\\\/wp-content\\\/uploads\\\/2023\\\/11\\\/VILLA-COASTER-favicon.png\",\"contentUrl\":\"https:\\\/\\\/villacoaster.pl\\\/wp-content\\\/uploads\\\/2023\\\/11\\\/VILLA-COASTER-favicon.png\",\"width\":144,\"height\":144,\"caption\":\"Villa Coaster\"},\"image\":{\"@id\":\"https:\\\/\\\/villacoaster.pl\\\/sk\\\/#\\\/schema\\\/logo\\\/image\\\/\"}}]}<\/script>\n<!-- \/ Yoast SEO plugin. -->","yoast_head_json":{"title":"Rezerv\u00e1cia - Villa Coaster","robots":{"index":"index","follow":"follow","max-snippet":"max-snippet:-1","max-image-preview":"max-image-preview:large","max-video-preview":"max-video-preview:-1"},"canonical":"https:\/\/villacoaster.pl\/sk\/rezervacia\/","og_locale":"sk_SK","og_type":"article","og_title":"Rezerv\u00e1cia - Villa Coaster","og_url":"https:\/\/villacoaster.pl\/sk\/rezervacia\/","og_site_name":"Villa Coaster","article_modified_time":"2024-02-14T07:35:27+00:00","twitter_card":"summary_large_image","twitter_misc":{"Predpokladan\u00fd \u010das \u010d\u00edtania":"10 min\u00fat"},"schema":{"@context":"https:\/\/schema.org","@graph":[{"@type":"WebPage","@id":"https:\/\/villacoaster.pl\/sk\/rezervacia\/","url":"https:\/\/villacoaster.pl\/sk\/rezervacia\/","name":"Rezerv\u00e1cia - Villa Coaster","isPartOf":{"@id":"https:\/\/villacoaster.pl\/sk\/#website"},"datePublished":"2023-11-09T21:02:24+00:00","dateModified":"2024-02-14T07:35:27+00:00","breadcrumb":{"@id":"https:\/\/villacoaster.pl\/sk\/rezervacia\/#breadcrumb"},"inLanguage":"sk-SK","potentialAction":[{"@type":"ReadAction","target":["https:\/\/villacoaster.pl\/sk\/rezervacia\/"]}]},{"@type":"BreadcrumbList","@id":"https:\/\/villacoaster.pl\/sk\/rezervacia\/#breadcrumb","itemListElement":[{"@type":"ListItem","position":1,"name":"Strona g\u0142\u00f3wna","item":"https:\/\/villacoaster.pl\/sk\/"},{"@type":"ListItem","position":2,"name":"Rezerv\u00e1cia"}]},{"@type":"WebSite","@id":"https:\/\/villacoaster.pl\/sk\/#website","url":"https:\/\/villacoaster.pl\/sk\/","name":"Villa Coaster","description":"","publisher":{"@id":"https:\/\/villacoaster.pl\/sk\/#organization"},"potentialAction":[{"@type":"SearchAction","target":{"@type":"EntryPoint","urlTemplate":"https:\/\/villacoaster.pl\/sk\/?s={search_term_string}"},"query-input":{"@type":"PropertyValueSpecification","valueRequired":true,"valueName":"search_term_string"}}],"inLanguage":"sk-SK"},{"@type":"Organization","@id":"https:\/\/villacoaster.pl\/sk\/#organization","name":"Villa Coaster","url":"https:\/\/villacoaster.pl\/sk\/","logo":{"@type":"ImageObject","inLanguage":"sk-SK","@id":"https:\/\/villacoaster.pl\/sk\/#\/schema\/logo\/image\/","url":"https:\/\/villacoaster.pl\/wp-content\/uploads\/2023\/11\/VILLA-COASTER-favicon.png","contentUrl":"https:\/\/villacoaster.pl\/wp-content\/uploads\/2023\/11\/VILLA-COASTER-favicon.png","width":144,"height":144,"caption":"Villa Coaster"},"image":{"@id":"https:\/\/villacoaster.pl\/sk\/#\/schema\/logo\/image\/"}}]}},"_links":{"self":[{"href":"https:\/\/villacoaster.pl\/sk\/wp-json\/wp\/v2\/pages\/1997","targetHints":{"allow":["GET"]}}],"collection":[{"href":"https:\/\/villacoaster.pl\/sk\/wp-json\/wp\/v2\/pages"}],"about":[{"href":"https:\/\/villacoaster.pl\/sk\/wp-json\/wp\/v2\/types\/page"}],"author":[{"embeddable":true,"href":"https:\/\/villacoaster.pl\/sk\/wp-json\/wp\/v2\/users\/1"}],"replies":[{"embeddable":true,"href":"https:\/\/villacoaster.pl\/sk\/wp-json\/wp\/v2\/comments?post=1997"}],"version-history":[{"count":5,"href":"https:\/\/villacoaster.pl\/sk\/wp-json\/wp\/v2\/pages\/1997\/revisions"}],"predecessor-version":[{"id":2459,"href":"https:\/\/villacoaster.pl\/sk\/wp-json\/wp\/v2\/pages\/1997\/revisions\/2459"}],"wp:attachment":[{"href":"https:\/\/villacoaster.pl\/sk\/wp-json\/wp\/v2\/media?parent=1997"}],"curies":[{"name":"wp","href":"https:\/\/api.w.org\/{rel}","templated":true}]}}