{"id":2039,"date":"2023-11-09T21:48:46","date_gmt":"2023-11-09T20:48:46","guid":{"rendered":"https:\/\/villacoaster.pl\/zasady-ochrany-osobnich-udaju\/"},"modified":"2024-02-13T23:13:31","modified_gmt":"2024-02-13T22:13:31","slug":"zasady-ochrany-osobnich-udaju","status":"publish","type":"page","link":"https:\/\/villacoaster.pl\/cs\/zasady-ochrany-osobnich-udaju\/","title":{"rendered":"Z\u00e1sady ochrany osobn\u00edch \u00fadaj\u016f"},"content":{"rendered":"<h4 class=\"fusion-responsive-typography-calculated\" style=\"text-align: center;\" data-fontsize=\"24\" data-lineheight=\"28.8px\"><strong>Obecn\u00e9 informace.<\/strong><\/h4>\n<ol>\n<li>Provozovatelem webov\u00fdch str\u00e1nek <strong>villacoaster.co.uk<\/strong> je  <strong>Villa Coaster Grzegorz Urba\u0144czyk, 32-607 Polanka Wielka, ul. Jedle 11.<\/strong><\/li>\n<li>Slu\u017eba pln\u00ed funkce pro z\u00edsk\u00e1v\u00e1n\u00ed informac\u00ed o u\u017eivatel\u00edch a jejich chov\u00e1n\u00ed n\u00e1sleduj\u00edc\u00edmi zp\u016fsoby:\n<ol>\n<li>Dobrovoln\u00fdm zad\u00e1n\u00edm informac\u00ed do formul\u00e1\u0159\u016f.<\/li>\n<li>Ukl\u00e1d\u00e1n\u00edm soubor\u016f cookie (tzv. &#8222;cookies&#8220;) do koncov\u00fdch za\u0159\u00edzen\u00ed.<\/li>\n<li>Prost\u0159ednictv\u00edm shroma\u017e\u010fov\u00e1n\u00ed protokol\u016f webov\u00e9ho serveru provozovatelem hostingu lh.pl, kter\u00fd p\u016fsob\u00ed pod adresou lh.pl.<\/li>\n<\/ol>\n<\/li>\n<\/ol>\n<h4 class=\"fusion-responsive-typography-calculated\" style=\"text-align: center;\" data-fontsize=\"24\" data-lineheight=\"28.8px\"><strong>Informace ve formul\u00e1\u0159\u00edch.<\/strong><\/h4>\n<ol>\n<li>Slu\u017eba shroma\u017e\u010fuje informace dobrovoln\u011b poskytnut\u00e9 u\u017eivatelem.<\/li>\n<li>Krom\u011b toho m\u016f\u017ee slu\u017eba ukl\u00e1dat informace o parametrech p\u0159ipojen\u00ed (\u010dasov\u00e9 raz\u00edtko, IP adresa).<\/li>\n<li>\u00dadaje ve formul\u00e1\u0159i nejsou poskytov\u00e1ny t\u0159et\u00edm stran\u00e1m jinak ne\u017e se souhlasem u\u017eivatele.<\/li>\n<li>\u00dadaje uveden\u00e9 ve formul\u00e1\u0159i mohou tvo\u0159it soubor potenci\u00e1ln\u00edch z\u00e1kazn\u00edk\u016f, kter\u00e9 provozovatel webov\u00fdch str\u00e1nek eviduje v registru veden\u00e9m Gener\u00e1ln\u00edm inspektorem pro ochranu osobn\u00edch \u00fadaj\u016f.<\/li>\n<li>\u00dadaje uveden\u00e9 ve formul\u00e1\u0159i jsou zpracov\u00e1v\u00e1ny za \u00fa\u010delem vypl\u00fdvaj\u00edc\u00edm z funkce konkr\u00e9tn\u00edho formul\u00e1\u0159e, nap\u0159. za \u00fa\u010delem zpracov\u00e1n\u00ed \u017e\u00e1dosti o slu\u017ebu nebo nav\u00e1z\u00e1n\u00ed obchodn\u00edho kontaktu.<\/li>\n<li>\u00dadaje uveden\u00e9 ve formul\u00e1\u0159\u00edch mohou b\u00fdt p\u0159ed\u00e1v\u00e1ny subjekt\u016fm, kter\u00e9 technicky vykon\u00e1vaj\u00ed ur\u010dit\u00e9 slu\u017eby &#8211; jedn\u00e1 se zejm\u00e9na o p\u0159ed\u00e1v\u00e1n\u00ed informac\u00ed o dr\u017eiteli registrovan\u00e9 dom\u00e9ny subjekt\u016fm, kter\u00e9 jsou provozovateli internetov\u00fdch dom\u00e9n (p\u0159edev\u0161\u00edm V\u011bdeck\u00e1 a akademick\u00e1 po\u010d\u00edta\u010dov\u00e1 s\u00ed\u0165 j.b.r &#8211; NASK), slu\u017eb\u00e1m zpracov\u00e1vaj\u00edc\u00edm platby nebo jin\u00fdm subjekt\u016fm, se kter\u00fdmi Provozovatel webov\u00fdch str\u00e1nek v tomto ohledu spolupracuje.<\/li>\n<li>Informace o souborech cookie.<\/li>\n<\/ol>\n<h4 class=\"fusion-responsive-typography-calculated\" style=\"text-align: center;\" data-fontsize=\"24\" data-lineheight=\"28.8px\"><strong>Webov\u00e9 str\u00e1nky pou\u017e\u00edvaj\u00ed soubory cookie.<\/strong><\/h4>\n<ol>\n<li>Soubory cookie (tzv. &#8222;cookies&#8220;) jsou data IT, zejm\u00e9na textov\u00e9 soubory, kter\u00e9 jsou ulo\u017eeny v koncov\u00e9m za\u0159\u00edzen\u00ed u\u017eivatele slu\u017eby a jsou ur\u010deny k pou\u017eit\u00ed na webov\u00fdch str\u00e1nk\u00e1ch. Soubory cookie obvykle obsahuj\u00ed n\u00e1zev v\u00fdchoz\u00ed webov\u00e9 str\u00e1nky, dobu, po kterou jsou ulo\u017eeny v koncov\u00e9m za\u0159\u00edzen\u00ed, a jedine\u010dn\u00e9 \u010d\u00edslo.<\/li>\n<li>Subjektem, kter\u00fd umis\u0165uje soubory cookie do koncov\u00e9ho za\u0159\u00edzen\u00ed u\u017eivatele slu\u017eby a z\u00edsk\u00e1v\u00e1 k nim p\u0159\u00edstup, je provozovatel slu\u017eby.<\/li>\n<li>Soubory cookie se pou\u017e\u00edvaj\u00ed k n\u00e1sleduj\u00edc\u00edm \u00fa\u010del\u016fm:\n<ol>\n<li>vytv\u00e1\u0159en\u00ed statistik, kter\u00e9 n\u00e1m pom\u00e1haj\u00ed pochopit, jak n\u00e1v\u0161t\u011bvn\u00edci webov\u00fdch str\u00e1nek pou\u017e\u00edvaj\u00ed tyto str\u00e1nky, co\u017e n\u00e1m umo\u017e\u0148uje zlep\u0161ovat jejich strukturu a obsah;<\/li>\n<li>udr\u017eov\u00e1n\u00ed relace u\u017eivatele slu\u017eby (po p\u0159ihl\u00e1\u0161en\u00ed), d\u00edky \u010demu\u017e nemus\u00ed u\u017eivatel na ka\u017ed\u00e9 podstr\u00e1nce slu\u017eby znovu zad\u00e1vat sv\u00e9 p\u0159ihla\u0161ovac\u00ed jm\u00e9no a heslo;<\/li>\n<li>definovat v\u00e1\u0161 profil, aby se v\u00e1m v reklamn\u00edch s\u00edt\u00edch, zejm\u00e9na v s\u00edti Google, zobrazoval materi\u00e1l na m\u00edru.<\/li>\n<\/ol>\n<\/li>\n<li>Webov\u00e9 str\u00e1nky pou\u017e\u00edvaj\u00ed dva hlavn\u00ed typy soubor\u016f cookie: &#8222;soubory cookie relace&#8220; a &#8222;trval\u00e9 soubory cookie&#8220; (trval\u00e9 soubory cookie). &#8222;Rela\u010dn\u00ed&#8220; soubory cookie jsou do\u010dasn\u00e9 soubory, kter\u00e9 se ukl\u00e1daj\u00ed v koncov\u00e9m za\u0159\u00edzen\u00ed u\u017eivatele, dokud se u\u017eivatel neodhl\u00e1s\u00ed, neopust\u00ed webov\u00e9 str\u00e1nky nebo nevypne software (webov\u00fd prohl\u00ed\u017ee\u010d). &#8222;Trval\u00e9&#8220; soubory cookie se ukl\u00e1daj\u00ed v koncov\u00e9m za\u0159\u00edzen\u00ed u\u017eivatele po dobu uvedenou v parametrech soubor\u016f cookie nebo dokud je u\u017eivatel nesma\u017ee.<\/li>\n<li>Software pro prohl\u00ed\u017een\u00ed webov\u00fdch str\u00e1nek (webov\u00fd prohl\u00ed\u017ee\u010d) obvykle standardn\u011b umo\u017e\u0148uje ukl\u00e1d\u00e1n\u00ed soubor\u016f cookie do koncov\u00e9ho za\u0159\u00edzen\u00ed u\u017eivatele. U\u017eivatel\u00e9 slu\u017eby mohou v tomto ohledu zm\u011bnit sv\u00e9 nastaven\u00ed. V\u00e1\u0161 webov\u00fd prohl\u00ed\u017ee\u010d umo\u017e\u0148uje soubory cookie odstranit. Soubory cookie lze tak\u00e9 automaticky blokovat Podrobnosti naleznete v n\u00e1pov\u011bd\u011b nebo dokumentaci sv\u00e9ho internetov\u00e9ho prohl\u00ed\u017ee\u010de.<\/li>\n<li>Omezen\u00ed pou\u017e\u00edv\u00e1n\u00ed soubor\u016f cookie m\u016f\u017ee ovlivnit n\u011bkter\u00e9 funkce dostupn\u00e9 na webov\u00fdch str\u00e1nk\u00e1ch.<\/li>\n<li>Soubory cookie jsou um\u00edst\u011bny v koncov\u00e9m za\u0159\u00edzen\u00ed u\u017eivatele slu\u017eby a mohou je pou\u017e\u00edvat tak\u00e9 inzerenti a partne\u0159i spolupracuj\u00edc\u00ed s provozovatelem slu\u017eby.<\/li>\n<li>Doporu\u010dujeme p\u0159e\u010d\u00edst si z\u00e1sady ochrany osobn\u00edch \u00fadaj\u016f t\u011bchto spole\u010dnost\u00ed, abyste porozum\u011bli pou\u017e\u00edv\u00e1n\u00ed soubor\u016f cookie pou\u017e\u00edvan\u00fdch ve statistik\u00e1ch: <u><br \/>\n  <a href=\"http:\/\/www.google.pl\/intl\/pl\/analytics\/privacyoverview.html\">Z\u00e1sady ochrany osobn\u00edch \u00fadaj\u016f slu\u017eby Google Analytics<\/a><br \/>\n<\/u><\/li>\n<li>Soubory cookie mohou b\u00fdt pou\u017e\u00edv\u00e1ny reklamn\u00edmi s\u00edt\u011bmi, zejm\u00e9na s\u00edt\u00ed Google, k zobrazov\u00e1n\u00ed reklam p\u0159izp\u016fsoben\u00fdch zp\u016fsobu, jak\u00fdm pou\u017e\u00edv\u00e1te tyto webov\u00e9 str\u00e1nky. Za t\u00edmto \u00fa\u010delem mohou uchov\u00e1vat informace o naviga\u010dn\u00ed cest\u011b u\u017eivatele nebo o dob\u011b, po kterou se zdr\u017eel na ur\u010dit\u00e9 str\u00e1nce.<\/li>\n<li>Pokud jde o informace o u\u017eivatelsk\u00fdch preferenc\u00edch shrom\u00e1\u017ed\u011bn\u00e9 reklamn\u00ed s\u00edt\u00ed Google, u\u017eivatel m\u016f\u017ee informace z\u00edskan\u00e9 ze soubor\u016f cookie zobrazit a upravit pomoc\u00ed n\u00e1stroje: <u><br \/>\n  <a href=\"https:\/\/www.google.com\/ads\/preferences\/\">https:\/\/www.google.com\/ads\/preferences\/.<\/a><br \/>\n<\/u><\/li>\n<\/ol>\n<h4 class=\"fusion-responsive-typography-calculated\" style=\"text-align: center;\" data-fontsize=\"24\" data-lineheight=\"28.8px\"><strong>Protokoly serveru.<\/strong><\/h4>\n<ol>\n<li>Informace o ur\u010dit\u00e9m chov\u00e1n\u00ed u\u017eivatel\u016f podl\u00e9haj\u00ed protokolov\u00e1n\u00ed na \u00farovni serveru. Tyto \u00fadaje se pou\u017e\u00edvaj\u00ed v\u00fdhradn\u011b pro spr\u00e1vu webov\u00fdch str\u00e1nek a pro zaji\u0161t\u011bn\u00ed co nejefektivn\u011bj\u0161\u00edho provozu poskytovan\u00fdch hostingov\u00fdch slu\u017eeb.<\/li>\n<li>Zobrazen\u00e9 zdroje jsou identifikov\u00e1ny pomoc\u00ed adres URL. Krom\u011b toho m\u016f\u017ee b\u00fdt z\u00e1znam p\u0159edm\u011btem:\n<ol>\n<li>na\u010dasov\u00e1n\u00ed \u0161et\u0159en\u00ed,<\/li>\n<li>v dob\u011b odesl\u00e1n\u00ed odpov\u011bdi,<\/li>\n<li>n\u00e1zev klientsk\u00e9 stanice &#8211; identifikace prost\u0159ednictv\u00edm protokolu HTTP,<\/li>\n<li>informace o chyb\u00e1ch, kter\u00e9 se vyskytly b\u011bhem prov\u00e1d\u011bn\u00ed transakce HTTP,<\/li>\n<li>URL str\u00e1nky, kterou u\u017eivatel ji\u017e d\u0159\u00edve nav\u0161t\u00edvil (odkaz na odkaz), v p\u0159\u00edpad\u011b odkazu na webov\u00e9 str\u00e1nky,<\/li>\n<li>informace o prohl\u00ed\u017ee\u010di u\u017eivatele,<\/li>\n<li>Informace o IP adrese.<\/li>\n<\/ol>\n<\/li>\n<li>V\u00fd\u0161e uveden\u00e9 \u00fadaje nejsou spojeny s konkr\u00e9tn\u00edmi n\u00e1v\u0161t\u011bvn\u00edky.<\/li>\n<li>V\u00fd\u0161e uveden\u00e9 \u00fadaje se pou\u017e\u00edvaj\u00ed pouze pro \u00fa\u010dely spr\u00e1vy serveru.<\/li>\n<\/ol>\n<h4 class=\"fusion-responsive-typography-calculated\" style=\"text-align: center;\" data-fontsize=\"24\" data-lineheight=\"28.8px\"><strong>Sd\u00edlen\u00ed dat.<\/strong><\/h4>\n<ol>\n<li>\u00dadaje se s extern\u00edmi stranami sd\u00edlej\u00ed pouze v mez\u00edch z\u00e1kona.<\/li>\n<li>Osobn\u00ed \u00fadaje jednotlivce jsou sd\u00edleny pouze s jeho souhlasem.<\/li>\n<li>Provozovatel m\u016f\u017ee b\u00fdt povinen poskytnout informace shrom\u00e1\u017ed\u011bn\u00e9 slu\u017ebou opr\u00e1vn\u011bn\u00fdm org\u00e1n\u016fm na z\u00e1klad\u011b z\u00e1konn\u00e9 \u017e\u00e1dosti v rozsahu \u017e\u00e1dosti.<\/li>\n<\/ol>\n<h4 class=\"fusion-responsive-typography-calculated\" style=\"text-align: center;\" data-fontsize=\"24\" data-lineheight=\"28.8px\"><strong>Spr\u00e1va soubor\u016f cookie &#8211; jak ud\u011blit a odvolat souhlas v praxi?<\/strong><\/h4>\n<ol>\n<li>Pokud si nep\u0159ejete p\u0159ij\u00edmat soubory cookie, m\u016f\u017eete zm\u011bnit nastaven\u00ed sv\u00e9ho prohl\u00ed\u017ee\u010de. Vezm\u011bte pros\u00edm na v\u011bdom\u00ed, \u017ee vypnut\u00ed soubor\u016f cookie, kter\u00e9 jsou nezbytn\u00e9 pro procesy ov\u011b\u0159ov\u00e1n\u00ed, zabezpe\u010den\u00ed a udr\u017eov\u00e1n\u00ed u\u017eivatelsk\u00fdch preferenc\u00ed, m\u016f\u017ee zt\u00ed\u017eit a v krajn\u00edm p\u0159\u00edpad\u011b znemo\u017enit pou\u017e\u00edv\u00e1n\u00ed webov\u00fdch str\u00e1nek.<\/li>\n<li>Chcete-li spravovat nastaven\u00ed soubor\u016f cookie, vyberte z n\u00ed\u017ee uveden\u00e9ho seznamu sv\u016fj internetov\u00fd prohl\u00ed\u017ee\u010d\/syst\u00e9m a postupujte podle pokyn\u016f:\n<ol>\n<li><a href=\"http:\/\/support.microsoft.com\/kb\/196955\">Internet Explorer<\/a><\/li>\n<li><a href=\"http:\/\/support.google.com\/chrome\/bin\/answer.py?hl=pl&amp;answer=95647\">Chrome<\/a><\/li>\n<li><a href=\"http:\/\/support.apple.com\/kb\/PH5042\">Safari<\/a><\/li>\n<li><a href=\"http:\/\/support.mozilla.org\/pl\/kb\/W%C5%82%C4%85czanie%20i%20wy%C5%82%C4%85czanie%20obs%C5%82ugi%20ciasteczek\">Firefox<\/a><\/li>\n<li><a href=\"http:\/\/help.opera.com\/Windows\/12.10\/pl\/cookies.html\">Opera<\/a><\/li>\n<li><a href=\"http:\/\/support.google.com\/chrome\/bin\/answer.py?hl=pl&amp;answer=95647\">Android<\/a><\/li>\n<li><a href=\"http:\/\/support.apple.com\/kb\/HT1677?viewlocale=pl_PL\">Safari (iOS)<\/a><\/li>\n<li><a href=\"http:\/\/www.windowsphone.com\/pl-pl\/how-to\/wp7\/web\/changing-privacy-and-other-browser-settings\">Windows Phone<\/a><\/li>\n<li><a href=\"http:\/\/docs.blackberry.com\/en\/smartphone_users\/deliverables\/32004\/Turn_off_cookies_in_the_browser_60_1072866_11.jsp\">Blackberry<\/a><\/li>\n<\/ol>\n<\/li>\n<\/ol>\n","protected":false},"excerpt":{"rendered":"<p>Obecn\u00e9 informace. Provozovatelem webov\u00fdch str\u00e1nek villacoaster.co.uk je Villa Coaster Grzegorz Urba\u0144czyk, 32-607 Polanka Wielka, ul. Jedle 11. Slu\u017eba pln\u00ed funkce pro z\u00edsk\u00e1v\u00e1n\u00ed informac\u00ed o u\u017eivatel\u00edch a jejich chov\u00e1n\u00ed n\u00e1sleduj\u00edc\u00edmi zp\u016fsoby: Dobrovoln\u00fdm zad\u00e1n\u00edm informac\u00ed do formul\u00e1\u0159\u016f. Ukl\u00e1d\u00e1n\u00edm soubor\u016f cookie (tzv. &#8222;cookies&#8220;) do koncov\u00fdch za\u0159\u00edzen\u00ed. Prost\u0159ednictv\u00edm shroma\u017e\u010fov\u00e1n\u00ed protokol\u016f webov\u00e9ho serveru provozovatelem hostingu [&hellip;]<\/p>\n","protected":false},"author":1,"featured_media":0,"parent":0,"menu_order":0,"comment_status":"closed","ping_status":"open","template":"","meta":{"footnotes":""},"class_list":["post-2039","page","type-page","status-publish","hentry"],"yoast_head":"<!-- This site is optimized with the Yoast SEO plugin v27.4 - https:\/\/yoast.com\/product\/yoast-seo-wordpress\/ -->\n<title>Z\u00e1sady ochrany osobn\u00edch \u00fadaj\u016f - Villa Coaster<\/title>\n<meta name=\"robots\" content=\"index, follow, max-snippet:-1, max-image-preview:large, max-video-preview:-1\" \/>\n<link rel=\"canonical\" href=\"https:\/\/villacoaster.pl\/cs\/zasady-ochrany-osobnich-udaju\/\" \/>\n<meta property=\"og:locale\" content=\"cs_CZ\" \/>\n<meta property=\"og:type\" content=\"article\" \/>\n<meta property=\"og:title\" content=\"Z\u00e1sady ochrany osobn\u00edch \u00fadaj\u016f - Villa Coaster\" \/>\n<meta property=\"og:description\" content=\"Obecn\u00e9 informace. Provozovatelem webov\u00fdch str\u00e1nek villacoaster.co.uk je Villa Coaster Grzegorz Urba\u0144czyk, 32-607 Polanka Wielka, ul. Jedle 11. Slu\u017eba pln\u00ed funkce pro z\u00edsk\u00e1v\u00e1n\u00ed informac\u00ed o u\u017eivatel\u00edch a jejich chov\u00e1n\u00ed n\u00e1sleduj\u00edc\u00edmi zp\u016fsoby: Dobrovoln\u00fdm zad\u00e1n\u00edm informac\u00ed do formul\u00e1\u0159\u016f. Ukl\u00e1d\u00e1n\u00edm soubor\u016f cookie (tzv. &#8222;cookies&#8220;) do koncov\u00fdch za\u0159\u00edzen\u00ed. Prost\u0159ednictv\u00edm shroma\u017e\u010fov\u00e1n\u00ed protokol\u016f webov\u00e9ho serveru provozovatelem hostingu [&hellip;]\" \/>\n<meta property=\"og:url\" content=\"https:\/\/villacoaster.pl\/cs\/zasady-ochrany-osobnich-udaju\/\" \/>\n<meta property=\"og:site_name\" content=\"Villa Coaster\" \/>\n<meta property=\"article:modified_time\" content=\"2024-02-13T22:13:31+00:00\" \/>\n<meta name=\"twitter:card\" content=\"summary_large_image\" \/>\n<meta name=\"twitter:label1\" content=\"Odhadovan\u00e1 doba \u010dten\u00ed\" \/>\n\t<meta name=\"twitter:data1\" content=\"6 minut\" \/>\n<script type=\"application\/ld+json\" class=\"yoast-schema-graph\">{\"@context\":\"https:\\\/\\\/schema.org\",\"@graph\":[{\"@type\":\"WebPage\",\"@id\":\"https:\\\/\\\/villacoaster.pl\\\/cs\\\/zasady-ochrany-osobnich-udaju\\\/\",\"url\":\"https:\\\/\\\/villacoaster.pl\\\/cs\\\/zasady-ochrany-osobnich-udaju\\\/\",\"name\":\"Z\u00e1sady ochrany osobn\u00edch \u00fadaj\u016f - Villa Coaster\",\"isPartOf\":{\"@id\":\"https:\\\/\\\/villacoaster.pl\\\/cs\\\/#website\"},\"datePublished\":\"2023-11-09T20:48:46+00:00\",\"dateModified\":\"2024-02-13T22:13:31+00:00\",\"breadcrumb\":{\"@id\":\"https:\\\/\\\/villacoaster.pl\\\/cs\\\/zasady-ochrany-osobnich-udaju\\\/#breadcrumb\"},\"inLanguage\":\"cs\",\"potentialAction\":[{\"@type\":\"ReadAction\",\"target\":[\"https:\\\/\\\/villacoaster.pl\\\/cs\\\/zasady-ochrany-osobnich-udaju\\\/\"]}]},{\"@type\":\"BreadcrumbList\",\"@id\":\"https:\\\/\\\/villacoaster.pl\\\/cs\\\/zasady-ochrany-osobnich-udaju\\\/#breadcrumb\",\"itemListElement\":[{\"@type\":\"ListItem\",\"position\":1,\"name\":\"Strona g\u0142\u00f3wna\",\"item\":\"https:\\\/\\\/villacoaster.pl\\\/cs\\\/\"},{\"@type\":\"ListItem\",\"position\":2,\"name\":\"Z\u00e1sady ochrany osobn\u00edch \u00fadaj\u016f\"}]},{\"@type\":\"WebSite\",\"@id\":\"https:\\\/\\\/villacoaster.pl\\\/cs\\\/#website\",\"url\":\"https:\\\/\\\/villacoaster.pl\\\/cs\\\/\",\"name\":\"Villa Coaster\",\"description\":\"\",\"publisher\":{\"@id\":\"https:\\\/\\\/villacoaster.pl\\\/cs\\\/#organization\"},\"potentialAction\":[{\"@type\":\"SearchAction\",\"target\":{\"@type\":\"EntryPoint\",\"urlTemplate\":\"https:\\\/\\\/villacoaster.pl\\\/cs\\\/?s={search_term_string}\"},\"query-input\":{\"@type\":\"PropertyValueSpecification\",\"valueRequired\":true,\"valueName\":\"search_term_string\"}}],\"inLanguage\":\"cs\"},{\"@type\":\"Organization\",\"@id\":\"https:\\\/\\\/villacoaster.pl\\\/cs\\\/#organization\",\"name\":\"Villa Coaster\",\"url\":\"https:\\\/\\\/villacoaster.pl\\\/cs\\\/\",\"logo\":{\"@type\":\"ImageObject\",\"inLanguage\":\"cs\",\"@id\":\"https:\\\/\\\/villacoaster.pl\\\/cs\\\/#\\\/schema\\\/logo\\\/image\\\/\",\"url\":\"https:\\\/\\\/villacoaster.pl\\\/wp-content\\\/uploads\\\/2023\\\/11\\\/VILLA-COASTER-favicon.png\",\"contentUrl\":\"https:\\\/\\\/villacoaster.pl\\\/wp-content\\\/uploads\\\/2023\\\/11\\\/VILLA-COASTER-favicon.png\",\"width\":144,\"height\":144,\"caption\":\"Villa Coaster\"},\"image\":{\"@id\":\"https:\\\/\\\/villacoaster.pl\\\/cs\\\/#\\\/schema\\\/logo\\\/image\\\/\"}}]}<\/script>\n<!-- \/ Yoast SEO plugin. -->","yoast_head_json":{"title":"Z\u00e1sady ochrany osobn\u00edch \u00fadaj\u016f - Villa Coaster","robots":{"index":"index","follow":"follow","max-snippet":"max-snippet:-1","max-image-preview":"max-image-preview:large","max-video-preview":"max-video-preview:-1"},"canonical":"https:\/\/villacoaster.pl\/cs\/zasady-ochrany-osobnich-udaju\/","og_locale":"cs_CZ","og_type":"article","og_title":"Z\u00e1sady ochrany osobn\u00edch \u00fadaj\u016f - Villa Coaster","og_description":"Obecn\u00e9 informace. Provozovatelem webov\u00fdch str\u00e1nek villacoaster.co.uk je Villa Coaster Grzegorz Urba\u0144czyk, 32-607 Polanka Wielka, ul. Jedle 11. Slu\u017eba pln\u00ed funkce pro z\u00edsk\u00e1v\u00e1n\u00ed informac\u00ed o u\u017eivatel\u00edch a jejich chov\u00e1n\u00ed n\u00e1sleduj\u00edc\u00edmi zp\u016fsoby: Dobrovoln\u00fdm zad\u00e1n\u00edm informac\u00ed do formul\u00e1\u0159\u016f. Ukl\u00e1d\u00e1n\u00edm soubor\u016f cookie (tzv. &#8222;cookies&#8220;) do koncov\u00fdch za\u0159\u00edzen\u00ed. Prost\u0159ednictv\u00edm shroma\u017e\u010fov\u00e1n\u00ed protokol\u016f webov\u00e9ho serveru provozovatelem hostingu [&hellip;]","og_url":"https:\/\/villacoaster.pl\/cs\/zasady-ochrany-osobnich-udaju\/","og_site_name":"Villa Coaster","article_modified_time":"2024-02-13T22:13:31+00:00","twitter_card":"summary_large_image","twitter_misc":{"Odhadovan\u00e1 doba \u010dten\u00ed":"6 minut"},"schema":{"@context":"https:\/\/schema.org","@graph":[{"@type":"WebPage","@id":"https:\/\/villacoaster.pl\/cs\/zasady-ochrany-osobnich-udaju\/","url":"https:\/\/villacoaster.pl\/cs\/zasady-ochrany-osobnich-udaju\/","name":"Z\u00e1sady ochrany osobn\u00edch \u00fadaj\u016f - Villa Coaster","isPartOf":{"@id":"https:\/\/villacoaster.pl\/cs\/#website"},"datePublished":"2023-11-09T20:48:46+00:00","dateModified":"2024-02-13T22:13:31+00:00","breadcrumb":{"@id":"https:\/\/villacoaster.pl\/cs\/zasady-ochrany-osobnich-udaju\/#breadcrumb"},"inLanguage":"cs","potentialAction":[{"@type":"ReadAction","target":["https:\/\/villacoaster.pl\/cs\/zasady-ochrany-osobnich-udaju\/"]}]},{"@type":"BreadcrumbList","@id":"https:\/\/villacoaster.pl\/cs\/zasady-ochrany-osobnich-udaju\/#breadcrumb","itemListElement":[{"@type":"ListItem","position":1,"name":"Strona g\u0142\u00f3wna","item":"https:\/\/villacoaster.pl\/cs\/"},{"@type":"ListItem","position":2,"name":"Z\u00e1sady ochrany osobn\u00edch \u00fadaj\u016f"}]},{"@type":"WebSite","@id":"https:\/\/villacoaster.pl\/cs\/#website","url":"https:\/\/villacoaster.pl\/cs\/","name":"Villa Coaster","description":"","publisher":{"@id":"https:\/\/villacoaster.pl\/cs\/#organization"},"potentialAction":[{"@type":"SearchAction","target":{"@type":"EntryPoint","urlTemplate":"https:\/\/villacoaster.pl\/cs\/?s={search_term_string}"},"query-input":{"@type":"PropertyValueSpecification","valueRequired":true,"valueName":"search_term_string"}}],"inLanguage":"cs"},{"@type":"Organization","@id":"https:\/\/villacoaster.pl\/cs\/#organization","name":"Villa Coaster","url":"https:\/\/villacoaster.pl\/cs\/","logo":{"@type":"ImageObject","inLanguage":"cs","@id":"https:\/\/villacoaster.pl\/cs\/#\/schema\/logo\/image\/","url":"https:\/\/villacoaster.pl\/wp-content\/uploads\/2023\/11\/VILLA-COASTER-favicon.png","contentUrl":"https:\/\/villacoaster.pl\/wp-content\/uploads\/2023\/11\/VILLA-COASTER-favicon.png","width":144,"height":144,"caption":"Villa Coaster"},"image":{"@id":"https:\/\/villacoaster.pl\/cs\/#\/schema\/logo\/image\/"}}]}},"_links":{"self":[{"href":"https:\/\/villacoaster.pl\/cs\/wp-json\/wp\/v2\/pages\/2039","targetHints":{"allow":["GET"]}}],"collection":[{"href":"https:\/\/villacoaster.pl\/cs\/wp-json\/wp\/v2\/pages"}],"about":[{"href":"https:\/\/villacoaster.pl\/cs\/wp-json\/wp\/v2\/types\/page"}],"author":[{"embeddable":true,"href":"https:\/\/villacoaster.pl\/cs\/wp-json\/wp\/v2\/users\/1"}],"replies":[{"embeddable":true,"href":"https:\/\/villacoaster.pl\/cs\/wp-json\/wp\/v2\/comments?post=2039"}],"version-history":[{"count":1,"href":"https:\/\/villacoaster.pl\/cs\/wp-json\/wp\/v2\/pages\/2039\/revisions"}],"predecessor-version":[{"id":2040,"href":"https:\/\/villacoaster.pl\/cs\/wp-json\/wp\/v2\/pages\/2039\/revisions\/2040"}],"wp:attachment":[{"href":"https:\/\/villacoaster.pl\/cs\/wp-json\/wp\/v2\/media?parent=2039"}],"curies":[{"name":"wp","href":"https:\/\/api.w.org\/{rel}","templated":true}]}}