{"id":2027,"date":"2023-11-09T22:01:48","date_gmt":"2023-11-09T21:01:48","guid":{"rendered":"https:\/\/villacoaster.pl\/o-nas\/"},"modified":"2024-02-13T23:13:33","modified_gmt":"2024-02-13T22:13:33","slug":"o-nas","status":"publish","type":"page","link":"https:\/\/villacoaster.pl\/cs\/o-nas\/","title":{"rendered":"O n\u00e1s"},"content":{"rendered":"<div class=\"fusion-fullwidth fullwidth-box fusion-builder-row-1 fusion-flex-container has-pattern-background has-mask-background p-default p-about nonhundred-percent-fullwidth non-hundred-percent-height-scrolling\" style=\"--awb-border-radius-top-left:0px;--awb-border-radius-top-right:0px;--awb-border-radius-bottom-right:0px;--awb-border-radius-bottom-left:0px;--awb-flex-wrap:wrap;\" ><div class=\"fusion-builder-row fusion-row fusion-flex-align-items-flex-start fusion-flex-content-wrap\" style=\"max-width:1248px;margin-left: calc(-4% \/ 2 );margin-right: calc(-4% \/ 2 );\"><div class=\"fusion-layout-column fusion_builder_column fusion-builder-column-0 fusion_builder_column_1_1 1_1 fusion-flex-column\" style=\"--awb-bg-size:cover;--awb-width-large:100%;--awb-margin-top-large:0px;--awb-spacing-right-large:1.92%;--awb-margin-bottom-large:0px;--awb-spacing-left-large:1.92%;--awb-width-medium:100%;--awb-spacing-right-medium:1.92%;--awb-spacing-left-medium:1.92%;--awb-width-small:100%;--awb-spacing-right-small:1.92%;--awb-spacing-left-small:1.92%;\"><div class=\"fusion-column-wrapper fusion-flex-justify-content-flex-start fusion-content-layout-column\"><div class=\"fusion-text fusion-text-1\"><h3>\u0158\u00edd\u00edme se heslem <strong>&#8222;P\u0159\u00e1tel\u00e9 na\u0161ich p\u0159\u00e1tel jsou na\u0161imi p\u0159\u00e1teli<\/strong>&#8222;.<\/h3>\n<p><strong>Nab\u00edz\u00edme v\u00e1m nov\u00e9 byty ve VILLA COASTER.<\/strong><\/p>\n<p><strong><img decoding=\"async\" class=\"lazyload wp-image-342 size-fusion-600 alignright\" src=\"https:\/\/villacoaster.pl\/wp-content\/uploads\/2024\/01\/Coaster-104-600x400.jpg\" data-orig-src=\"https:\/\/villacoaster.pl\/wp-content\/uploads\/2024\/01\/Coaster-104-600x400.jpg\" alt=\"\" width=\"600\" height=\"400\" srcset=\"data:image\/svg+xml,%3Csvg%20xmlns%3D%27http%3A%2F%2Fwww.w3.org%2F2000%2Fsvg%27%20width%3D%27600%27%20height%3D%27400%27%20viewBox%3D%270%200%20600%20400%27%3E%3Crect%20width%3D%27600%27%20height%3D%27400%27%20fill-opacity%3D%220%22%2F%3E%3C%2Fsvg%3E\" data-srcset=\"https:\/\/villacoaster.pl\/wp-content\/uploads\/2024\/01\/Coaster-104-200x133.jpg 200w, https:\/\/villacoaster.pl\/wp-content\/uploads\/2024\/01\/Coaster-104-300x200.jpg 300w, https:\/\/villacoaster.pl\/wp-content\/uploads\/2024\/01\/Coaster-104-400x267.jpg 400w, https:\/\/villacoaster.pl\/wp-content\/uploads\/2024\/01\/Coaster-104-600x400.jpg 600w, https:\/\/villacoaster.pl\/wp-content\/uploads\/2024\/01\/Coaster-104-768x512.jpg 768w, https:\/\/villacoaster.pl\/wp-content\/uploads\/2024\/01\/Coaster-104-800x533.jpg 800w, https:\/\/villacoaster.pl\/wp-content\/uploads\/2024\/01\/Coaster-104-1024x683.jpg 1024w, https:\/\/villacoaster.pl\/wp-content\/uploads\/2024\/01\/Coaster-104-1200x800.jpg 1200w, https:\/\/villacoaster.pl\/wp-content\/uploads\/2024\/01\/Coaster-104-1536x1024.jpg 1536w\" data-sizes=\"auto\" data-orig-sizes=\"(max-width: 600px) 100vw, 600px\" \/><\/strong><\/p>\n<p>U\u017eijte si nezapomenuteln\u00fd pobyt v na\u0161ich modern\u00edch apartm\u00e1nech v malebn\u00e9m prost\u0159ed\u00ed. Na\u0161e nab\u00eddka je ide\u00e1ln\u00ed pro rodiny, p\u00e1ry nebo skupiny p\u0159\u00e1tel, kte\u0159\u00ed cht\u011bj\u00ed objevovat kouzlo regionu. Na\u0161e byty se nach\u00e1zej\u00ed v klidn\u00e9 a okouzluj\u00edc\u00ed oblasti, odkud je pohodln\u00fd p\u0159\u00edstup k hlavn\u00edm atrakc\u00edm Zatoru, jako je Energylandia a park miniatur &#8222;Dreamland&#8220;. D\u00edky na\u0161\u00ed poloze se nach\u00e1z\u00edme v bl\u00edzkosti r\u016fzn\u00fdch atrakc\u00ed pro d\u011bti, jako je Zatorland, dinosau\u0159\u00ed park DinoZatorland a centrum ekologick\u00e9 v\u00fdchovy Forest Paradise. Nab\u00edz\u00edme p\u0159\u00edstup k p\u016fvabn\u00fdm zelen\u00fdm ploch\u00e1m, kter\u00e9 jsou ide\u00e1ln\u00ed na proch\u00e1zky, proj\u00ed\u017e\u010fky na kole nebo pikniky. K dispozici jsou tak\u00e9 turistick\u00e9 stezky, po kter\u00fdch m\u016f\u017eete prozkoumat malebnou krajinu. Nach\u00e1z\u00edme se v t\u011bsn\u00e9 bl\u00edzkosti historick\u00fdch pam\u00e1tek, co\u017e v\u00e1m umo\u017en\u00ed poznat bohatou historii regionu.<\/p>\n<blockquote>\n<p>V\u00edtejte v na\u0161ich pe\u010dliv\u011b navr\u017een\u00fdch apartm\u00e1nech, kde db\u00e1me na ka\u017ed\u00fd detail, abychom v\u00e1m zajistili pohodln\u00fd a nezapomenuteln\u00fd pobyt. Na\u0161e byty jsou jedine\u010dn\u00e9 prostory, v nich\u017e pe\u010dliv\u011b vybran\u00fd design interi\u00e9ru vytv\u00e1\u0159\u00ed atmosf\u00e9ru vhodnou pro relaxaci a odpo\u010dinek.<\/p>\n<\/blockquote>\n<\/div><\/div><\/div><\/div><\/div>\n","protected":false},"excerpt":{"rendered":"","protected":false},"author":1,"featured_media":0,"parent":0,"menu_order":0,"comment_status":"closed","ping_status":"closed","template":"100-width.php","meta":{"footnotes":""},"class_list":["post-2027","page","type-page","status-publish","hentry"],"yoast_head":"<!-- This site is optimized with the Yoast SEO plugin v27.4 - https:\/\/yoast.com\/product\/yoast-seo-wordpress\/ -->\n<title>O n\u00e1s - Villa Coaster<\/title>\n<meta name=\"robots\" content=\"index, follow, max-snippet:-1, max-image-preview:large, max-video-preview:-1\" \/>\n<link rel=\"canonical\" href=\"https:\/\/villacoaster.pl\/cs\/o-nas\/\" \/>\n<meta property=\"og:locale\" content=\"cs_CZ\" \/>\n<meta property=\"og:type\" content=\"article\" \/>\n<meta property=\"og:title\" content=\"O n\u00e1s - Villa Coaster\" \/>\n<meta property=\"og:url\" content=\"https:\/\/villacoaster.pl\/cs\/o-nas\/\" \/>\n<meta property=\"og:site_name\" content=\"Villa Coaster\" \/>\n<meta property=\"article:modified_time\" content=\"2024-02-13T22:13:33+00:00\" \/>\n<meta property=\"og:image\" content=\"https:\/\/villacoaster.pl\/wp-content\/uploads\/2024\/01\/Coaster-104-600x400.jpg\" \/>\n<meta name=\"twitter:card\" content=\"summary_large_image\" \/>\n<meta name=\"twitter:label1\" content=\"Odhadovan\u00e1 doba \u010dten\u00ed\" \/>\n\t<meta name=\"twitter:data1\" content=\"4 minuty\" \/>\n<script type=\"application\/ld+json\" class=\"yoast-schema-graph\">{\"@context\":\"https:\\\/\\\/schema.org\",\"@graph\":[{\"@type\":\"WebPage\",\"@id\":\"https:\\\/\\\/villacoaster.pl\\\/cs\\\/o-nas\\\/\",\"url\":\"https:\\\/\\\/villacoaster.pl\\\/cs\\\/o-nas\\\/\",\"name\":\"O n\u00e1s - Villa Coaster\",\"isPartOf\":{\"@id\":\"https:\\\/\\\/villacoaster.pl\\\/cs\\\/#website\"},\"primaryImageOfPage\":{\"@id\":\"https:\\\/\\\/villacoaster.pl\\\/cs\\\/o-nas\\\/#primaryimage\"},\"image\":{\"@id\":\"https:\\\/\\\/villacoaster.pl\\\/cs\\\/o-nas\\\/#primaryimage\"},\"thumbnailUrl\":\"https:\\\/\\\/villacoaster.pl\\\/wp-content\\\/uploads\\\/2024\\\/01\\\/Coaster-104-600x400.jpg\",\"datePublished\":\"2023-11-09T21:01:48+00:00\",\"dateModified\":\"2024-02-13T22:13:33+00:00\",\"breadcrumb\":{\"@id\":\"https:\\\/\\\/villacoaster.pl\\\/cs\\\/o-nas\\\/#breadcrumb\"},\"inLanguage\":\"cs\",\"potentialAction\":[{\"@type\":\"ReadAction\",\"target\":[\"https:\\\/\\\/villacoaster.pl\\\/cs\\\/o-nas\\\/\"]}]},{\"@type\":\"ImageObject\",\"inLanguage\":\"cs\",\"@id\":\"https:\\\/\\\/villacoaster.pl\\\/cs\\\/o-nas\\\/#primaryimage\",\"url\":\"https:\\\/\\\/villacoaster.pl\\\/wp-content\\\/uploads\\\/2024\\\/01\\\/Coaster-104-600x400.jpg\",\"contentUrl\":\"https:\\\/\\\/villacoaster.pl\\\/wp-content\\\/uploads\\\/2024\\\/01\\\/Coaster-104-600x400.jpg\"},{\"@type\":\"BreadcrumbList\",\"@id\":\"https:\\\/\\\/villacoaster.pl\\\/cs\\\/o-nas\\\/#breadcrumb\",\"itemListElement\":[{\"@type\":\"ListItem\",\"position\":1,\"name\":\"Strona g\u0142\u00f3wna\",\"item\":\"https:\\\/\\\/villacoaster.pl\\\/cs\\\/\"},{\"@type\":\"ListItem\",\"position\":2,\"name\":\"O n\u00e1s\"}]},{\"@type\":\"WebSite\",\"@id\":\"https:\\\/\\\/villacoaster.pl\\\/cs\\\/#website\",\"url\":\"https:\\\/\\\/villacoaster.pl\\\/cs\\\/\",\"name\":\"Villa Coaster\",\"description\":\"\",\"publisher\":{\"@id\":\"https:\\\/\\\/villacoaster.pl\\\/cs\\\/#organization\"},\"potentialAction\":[{\"@type\":\"SearchAction\",\"target\":{\"@type\":\"EntryPoint\",\"urlTemplate\":\"https:\\\/\\\/villacoaster.pl\\\/cs\\\/?s={search_term_string}\"},\"query-input\":{\"@type\":\"PropertyValueSpecification\",\"valueRequired\":true,\"valueName\":\"search_term_string\"}}],\"inLanguage\":\"cs\"},{\"@type\":\"Organization\",\"@id\":\"https:\\\/\\\/villacoaster.pl\\\/cs\\\/#organization\",\"name\":\"Villa Coaster\",\"url\":\"https:\\\/\\\/villacoaster.pl\\\/cs\\\/\",\"logo\":{\"@type\":\"ImageObject\",\"inLanguage\":\"cs\",\"@id\":\"https:\\\/\\\/villacoaster.pl\\\/cs\\\/#\\\/schema\\\/logo\\\/image\\\/\",\"url\":\"https:\\\/\\\/villacoaster.pl\\\/wp-content\\\/uploads\\\/2023\\\/11\\\/VILLA-COASTER-favicon.png\",\"contentUrl\":\"https:\\\/\\\/villacoaster.pl\\\/wp-content\\\/uploads\\\/2023\\\/11\\\/VILLA-COASTER-favicon.png\",\"width\":144,\"height\":144,\"caption\":\"Villa Coaster\"},\"image\":{\"@id\":\"https:\\\/\\\/villacoaster.pl\\\/cs\\\/#\\\/schema\\\/logo\\\/image\\\/\"}}]}<\/script>\n<!-- \/ Yoast SEO plugin. -->","yoast_head_json":{"title":"O n\u00e1s - Villa Coaster","robots":{"index":"index","follow":"follow","max-snippet":"max-snippet:-1","max-image-preview":"max-image-preview:large","max-video-preview":"max-video-preview:-1"},"canonical":"https:\/\/villacoaster.pl\/cs\/o-nas\/","og_locale":"cs_CZ","og_type":"article","og_title":"O n\u00e1s - Villa Coaster","og_url":"https:\/\/villacoaster.pl\/cs\/o-nas\/","og_site_name":"Villa Coaster","article_modified_time":"2024-02-13T22:13:33+00:00","og_image":[{"url":"https:\/\/villacoaster.pl\/wp-content\/uploads\/2024\/01\/Coaster-104-600x400.jpg","type":"","width":"","height":""}],"twitter_card":"summary_large_image","twitter_misc":{"Odhadovan\u00e1 doba \u010dten\u00ed":"4 minuty"},"schema":{"@context":"https:\/\/schema.org","@graph":[{"@type":"WebPage","@id":"https:\/\/villacoaster.pl\/cs\/o-nas\/","url":"https:\/\/villacoaster.pl\/cs\/o-nas\/","name":"O n\u00e1s - Villa Coaster","isPartOf":{"@id":"https:\/\/villacoaster.pl\/cs\/#website"},"primaryImageOfPage":{"@id":"https:\/\/villacoaster.pl\/cs\/o-nas\/#primaryimage"},"image":{"@id":"https:\/\/villacoaster.pl\/cs\/o-nas\/#primaryimage"},"thumbnailUrl":"https:\/\/villacoaster.pl\/wp-content\/uploads\/2024\/01\/Coaster-104-600x400.jpg","datePublished":"2023-11-09T21:01:48+00:00","dateModified":"2024-02-13T22:13:33+00:00","breadcrumb":{"@id":"https:\/\/villacoaster.pl\/cs\/o-nas\/#breadcrumb"},"inLanguage":"cs","potentialAction":[{"@type":"ReadAction","target":["https:\/\/villacoaster.pl\/cs\/o-nas\/"]}]},{"@type":"ImageObject","inLanguage":"cs","@id":"https:\/\/villacoaster.pl\/cs\/o-nas\/#primaryimage","url":"https:\/\/villacoaster.pl\/wp-content\/uploads\/2024\/01\/Coaster-104-600x400.jpg","contentUrl":"https:\/\/villacoaster.pl\/wp-content\/uploads\/2024\/01\/Coaster-104-600x400.jpg"},{"@type":"BreadcrumbList","@id":"https:\/\/villacoaster.pl\/cs\/o-nas\/#breadcrumb","itemListElement":[{"@type":"ListItem","position":1,"name":"Strona g\u0142\u00f3wna","item":"https:\/\/villacoaster.pl\/cs\/"},{"@type":"ListItem","position":2,"name":"O n\u00e1s"}]},{"@type":"WebSite","@id":"https:\/\/villacoaster.pl\/cs\/#website","url":"https:\/\/villacoaster.pl\/cs\/","name":"Villa Coaster","description":"","publisher":{"@id":"https:\/\/villacoaster.pl\/cs\/#organization"},"potentialAction":[{"@type":"SearchAction","target":{"@type":"EntryPoint","urlTemplate":"https:\/\/villacoaster.pl\/cs\/?s={search_term_string}"},"query-input":{"@type":"PropertyValueSpecification","valueRequired":true,"valueName":"search_term_string"}}],"inLanguage":"cs"},{"@type":"Organization","@id":"https:\/\/villacoaster.pl\/cs\/#organization","name":"Villa Coaster","url":"https:\/\/villacoaster.pl\/cs\/","logo":{"@type":"ImageObject","inLanguage":"cs","@id":"https:\/\/villacoaster.pl\/cs\/#\/schema\/logo\/image\/","url":"https:\/\/villacoaster.pl\/wp-content\/uploads\/2023\/11\/VILLA-COASTER-favicon.png","contentUrl":"https:\/\/villacoaster.pl\/wp-content\/uploads\/2023\/11\/VILLA-COASTER-favicon.png","width":144,"height":144,"caption":"Villa Coaster"},"image":{"@id":"https:\/\/villacoaster.pl\/cs\/#\/schema\/logo\/image\/"}}]}},"_links":{"self":[{"href":"https:\/\/villacoaster.pl\/cs\/wp-json\/wp\/v2\/pages\/2027","targetHints":{"allow":["GET"]}}],"collection":[{"href":"https:\/\/villacoaster.pl\/cs\/wp-json\/wp\/v2\/pages"}],"about":[{"href":"https:\/\/villacoaster.pl\/cs\/wp-json\/wp\/v2\/types\/page"}],"author":[{"embeddable":true,"href":"https:\/\/villacoaster.pl\/cs\/wp-json\/wp\/v2\/users\/1"}],"replies":[{"embeddable":true,"href":"https:\/\/villacoaster.pl\/cs\/wp-json\/wp\/v2\/comments?post=2027"}],"version-history":[{"count":8,"href":"https:\/\/villacoaster.pl\/cs\/wp-json\/wp\/v2\/pages\/2027\/revisions"}],"predecessor-version":[{"id":2056,"href":"https:\/\/villacoaster.pl\/cs\/wp-json\/wp\/v2\/pages\/2027\/revisions\/2056"}],"wp:attachment":[{"href":"https:\/\/villacoaster.pl\/cs\/wp-json\/wp\/v2\/media?parent=2027"}],"curies":[{"name":"wp","href":"https:\/\/api.w.org\/{rel}","templated":true}]}}