{"id":2005,"date":"2023-11-09T22:01:27","date_gmt":"2023-11-09T21:01:27","guid":{"rendered":"https:\/\/villacoaster.pl\/zasady-pouzivani-souboru-cookie\/"},"modified":"2024-02-13T23:13:25","modified_gmt":"2024-02-13T22:13:25","slug":"zasady-pouzivani-souboru-cookie","status":"publish","type":"page","link":"https:\/\/villacoaster.pl\/cs\/zasady-pouzivani-souboru-cookie\/","title":{"rendered":"Z\u00e1sady pou\u017e\u00edv\u00e1n\u00ed soubor\u016f cookie"},"content":{"rendered":"<ol>\n<li>Webov\u00e9 str\u00e1nky <strong>villacoaster.co.uk<\/strong> pou\u017e\u00edvaj\u00ed soubory cookie, tj. textov\u00e9 soubory ulo\u017een\u00e9 v po\u010d\u00edta\u010di u\u017eivatele, kter\u00e9 identifikuj\u00ed u\u017eivatele zp\u016fsobem nezbytn\u00fdm pro umo\u017en\u011bn\u00ed ur\u010dit\u00fdch operac\u00ed. Soubory cookie se pou\u017e\u00edvaj\u00ed mimo jin\u00e9 k ukl\u00e1d\u00e1n\u00ed p\u0159ihla\u0161ovac\u00edch \u00fadaj\u016f u\u017eivatele. Podm\u00ednkou fungov\u00e1n\u00ed soubor\u016f cookie je, \u017ee je prohl\u00ed\u017ee\u010d p\u0159ijme a \u017ee je z disku nevyma\u017ee.<\/li>\n<li>Webov\u00e9 str\u00e1nky pou\u017e\u00edvaj\u00ed &#8222;rela\u010dn\u00ed&#8220; soubory cookie (ukl\u00e1daj\u00ed se, dokud neopust\u00edte webov\u00e9 str\u00e1nky a nezav\u0159ete prohl\u00ed\u017ee\u010d) a &#8222;trval\u00e9&#8220; soubory cookie (ukl\u00e1daj\u00ed se ve va\u0161em po\u010d\u00edta\u010di po ur\u010ditou dobu).<\/li>\n<li>U\u017eivatel\u00e9 str\u00e1nek mohou v tomto ohledu zm\u011bnit sv\u00e9 nastaven\u00ed. Webov\u00fd prohl\u00ed\u017ee\u010d umo\u017e\u0148uje mazat a blokovat soubory. Podrobnosti naleznete v n\u00e1pov\u011bd\u011b nebo v dokumentaci webov\u00e9ho prohl\u00ed\u017ee\u010de, kter\u00fd pou\u017e\u00edv\u00e1te.<\/li>\n<li>Zak\u00e1z\u00e1n\u00ed soubor\u016f cookie bude m\u00edt nej\u010dast\u011bji za n\u00e1sledek omezen\u00ed nebo zablokov\u00e1n\u00ed ur\u010dit\u00fdch funkc\u00ed webov\u00fdch str\u00e1nek.<\/li>\n<li>Webov\u00e9 str\u00e1nky <strong>villacoaster<\/strong><strong>.co.uk <\/strong>pou\u017e\u00edvaj\u00ed soubory cookie od t\u0159et\u00ed strany &#8211; Google Analytics &#8211; v\u00edce informac\u00ed naleznete na: <u><br \/>\n  <a href=\"http:\/\/www.google.com\/analytics\/learn\/privacy.html\">google.com\/analytics\/learn\/privacy.html<\/a><br \/>\n<\/u><\/li>\n<li>Soubory cookie pou\u017e\u00edvan\u00e9 na webov\u00fdch str\u00e1nk\u00e1ch <strong>villacoaster<\/strong><strong>.co.uk <\/strong>neukl\u00e1daj\u00ed osobn\u00ed \u00fadaje.<\/li>\n<\/ol>\n","protected":false},"excerpt":{"rendered":"<p>Webov\u00e9 str\u00e1nky villacoaster.co.uk pou\u017e\u00edvaj\u00ed soubory cookie, tj. textov\u00e9 soubory ulo\u017een\u00e9 v po\u010d\u00edta\u010di u\u017eivatele, kter\u00e9 identifikuj\u00ed u\u017eivatele zp\u016fsobem nezbytn\u00fdm pro umo\u017en\u011bn\u00ed ur\u010dit\u00fdch operac\u00ed. Soubory cookie se pou\u017e\u00edvaj\u00ed mimo jin\u00e9 k ukl\u00e1d\u00e1n\u00ed p\u0159ihla\u0161ovac\u00edch \u00fadaj\u016f u\u017eivatele. Podm\u00ednkou fungov\u00e1n\u00ed soubor\u016f cookie je, \u017ee je prohl\u00ed\u017ee\u010d p\u0159ijme a \u017ee je z disku nevyma\u017ee. Webov\u00e9 str\u00e1nky [&hellip;]<\/p>\n","protected":false},"author":1,"featured_media":0,"parent":0,"menu_order":0,"comment_status":"closed","ping_status":"closed","template":"","meta":{"footnotes":""},"class_list":["post-2005","page","type-page","status-publish","hentry"],"yoast_head":"<!-- This site is optimized with the Yoast SEO plugin v27.6 - https:\/\/yoast.com\/product\/yoast-seo-wordpress\/ -->\n<title>Z\u00e1sady pou\u017e\u00edv\u00e1n\u00ed soubor\u016f cookie - Villa Coaster<\/title>\n<meta name=\"robots\" content=\"index, follow, max-snippet:-1, max-image-preview:large, max-video-preview:-1\" \/>\n<link rel=\"canonical\" href=\"https:\/\/villacoaster.pl\/cs\/zasady-pouzivani-souboru-cookie\/\" \/>\n<meta property=\"og:locale\" content=\"cs_CZ\" \/>\n<meta property=\"og:type\" content=\"article\" \/>\n<meta property=\"og:title\" content=\"Z\u00e1sady pou\u017e\u00edv\u00e1n\u00ed soubor\u016f cookie - Villa Coaster\" \/>\n<meta property=\"og:description\" content=\"Webov\u00e9 str\u00e1nky villacoaster.co.uk pou\u017e\u00edvaj\u00ed soubory cookie, tj. textov\u00e9 soubory ulo\u017een\u00e9 v po\u010d\u00edta\u010di u\u017eivatele, kter\u00e9 identifikuj\u00ed u\u017eivatele zp\u016fsobem nezbytn\u00fdm pro umo\u017en\u011bn\u00ed ur\u010dit\u00fdch operac\u00ed. Soubory cookie se pou\u017e\u00edvaj\u00ed mimo jin\u00e9 k ukl\u00e1d\u00e1n\u00ed p\u0159ihla\u0161ovac\u00edch \u00fadaj\u016f u\u017eivatele. Podm\u00ednkou fungov\u00e1n\u00ed soubor\u016f cookie je, \u017ee je prohl\u00ed\u017ee\u010d p\u0159ijme a \u017ee je z disku nevyma\u017ee. Webov\u00e9 str\u00e1nky [&hellip;]\" \/>\n<meta property=\"og:url\" content=\"https:\/\/villacoaster.pl\/cs\/zasady-pouzivani-souboru-cookie\/\" \/>\n<meta property=\"og:site_name\" content=\"Villa Coaster\" \/>\n<meta property=\"article:modified_time\" content=\"2024-02-13T22:13:25+00:00\" \/>\n<meta name=\"twitter:card\" content=\"summary_large_image\" \/>\n<meta name=\"twitter:label1\" content=\"Odhadovan\u00e1 doba \u010dten\u00ed\" \/>\n\t<meta name=\"twitter:data1\" content=\"1 minuta\" \/>\n<script type=\"application\/ld+json\" class=\"yoast-schema-graph\">{\"@context\":\"https:\\\/\\\/schema.org\",\"@graph\":[{\"@type\":\"WebPage\",\"@id\":\"https:\\\/\\\/villacoaster.pl\\\/cs\\\/zasady-pouzivani-souboru-cookie\\\/\",\"url\":\"https:\\\/\\\/villacoaster.pl\\\/cs\\\/zasady-pouzivani-souboru-cookie\\\/\",\"name\":\"Z\u00e1sady pou\u017e\u00edv\u00e1n\u00ed soubor\u016f cookie - Villa Coaster\",\"isPartOf\":{\"@id\":\"https:\\\/\\\/villacoaster.pl\\\/cs\\\/#website\"},\"datePublished\":\"2023-11-09T21:01:27+00:00\",\"dateModified\":\"2024-02-13T22:13:25+00:00\",\"breadcrumb\":{\"@id\":\"https:\\\/\\\/villacoaster.pl\\\/cs\\\/zasady-pouzivani-souboru-cookie\\\/#breadcrumb\"},\"inLanguage\":\"cs\",\"potentialAction\":[{\"@type\":\"ReadAction\",\"target\":[\"https:\\\/\\\/villacoaster.pl\\\/cs\\\/zasady-pouzivani-souboru-cookie\\\/\"]}]},{\"@type\":\"BreadcrumbList\",\"@id\":\"https:\\\/\\\/villacoaster.pl\\\/cs\\\/zasady-pouzivani-souboru-cookie\\\/#breadcrumb\",\"itemListElement\":[{\"@type\":\"ListItem\",\"position\":1,\"name\":\"Strona g\u0142\u00f3wna\",\"item\":\"https:\\\/\\\/villacoaster.pl\\\/cs\\\/\"},{\"@type\":\"ListItem\",\"position\":2,\"name\":\"Z\u00e1sady pou\u017e\u00edv\u00e1n\u00ed soubor\u016f cookie\"}]},{\"@type\":\"WebSite\",\"@id\":\"https:\\\/\\\/villacoaster.pl\\\/cs\\\/#website\",\"url\":\"https:\\\/\\\/villacoaster.pl\\\/cs\\\/\",\"name\":\"Villa Coaster\",\"description\":\"\",\"publisher\":{\"@id\":\"https:\\\/\\\/villacoaster.pl\\\/cs\\\/#organization\"},\"potentialAction\":[{\"@type\":\"SearchAction\",\"target\":{\"@type\":\"EntryPoint\",\"urlTemplate\":\"https:\\\/\\\/villacoaster.pl\\\/cs\\\/?s={search_term_string}\"},\"query-input\":{\"@type\":\"PropertyValueSpecification\",\"valueRequired\":true,\"valueName\":\"search_term_string\"}}],\"inLanguage\":\"cs\"},{\"@type\":\"Organization\",\"@id\":\"https:\\\/\\\/villacoaster.pl\\\/cs\\\/#organization\",\"name\":\"Villa Coaster\",\"url\":\"https:\\\/\\\/villacoaster.pl\\\/cs\\\/\",\"logo\":{\"@type\":\"ImageObject\",\"inLanguage\":\"cs\",\"@id\":\"https:\\\/\\\/villacoaster.pl\\\/cs\\\/#\\\/schema\\\/logo\\\/image\\\/\",\"url\":\"https:\\\/\\\/villacoaster.pl\\\/wp-content\\\/uploads\\\/2023\\\/11\\\/VILLA-COASTER-favicon.png\",\"contentUrl\":\"https:\\\/\\\/villacoaster.pl\\\/wp-content\\\/uploads\\\/2023\\\/11\\\/VILLA-COASTER-favicon.png\",\"width\":144,\"height\":144,\"caption\":\"Villa Coaster\"},\"image\":{\"@id\":\"https:\\\/\\\/villacoaster.pl\\\/cs\\\/#\\\/schema\\\/logo\\\/image\\\/\"}}]}<\/script>\n<!-- \/ Yoast SEO plugin. -->","yoast_head_json":{"title":"Z\u00e1sady pou\u017e\u00edv\u00e1n\u00ed soubor\u016f cookie - Villa Coaster","robots":{"index":"index","follow":"follow","max-snippet":"max-snippet:-1","max-image-preview":"max-image-preview:large","max-video-preview":"max-video-preview:-1"},"canonical":"https:\/\/villacoaster.pl\/cs\/zasady-pouzivani-souboru-cookie\/","og_locale":"cs_CZ","og_type":"article","og_title":"Z\u00e1sady pou\u017e\u00edv\u00e1n\u00ed soubor\u016f cookie - Villa Coaster","og_description":"Webov\u00e9 str\u00e1nky villacoaster.co.uk pou\u017e\u00edvaj\u00ed soubory cookie, tj. textov\u00e9 soubory ulo\u017een\u00e9 v po\u010d\u00edta\u010di u\u017eivatele, kter\u00e9 identifikuj\u00ed u\u017eivatele zp\u016fsobem nezbytn\u00fdm pro umo\u017en\u011bn\u00ed ur\u010dit\u00fdch operac\u00ed. Soubory cookie se pou\u017e\u00edvaj\u00ed mimo jin\u00e9 k ukl\u00e1d\u00e1n\u00ed p\u0159ihla\u0161ovac\u00edch \u00fadaj\u016f u\u017eivatele. Podm\u00ednkou fungov\u00e1n\u00ed soubor\u016f cookie je, \u017ee je prohl\u00ed\u017ee\u010d p\u0159ijme a \u017ee je z disku nevyma\u017ee. Webov\u00e9 str\u00e1nky [&hellip;]","og_url":"https:\/\/villacoaster.pl\/cs\/zasady-pouzivani-souboru-cookie\/","og_site_name":"Villa Coaster","article_modified_time":"2024-02-13T22:13:25+00:00","twitter_card":"summary_large_image","twitter_misc":{"Odhadovan\u00e1 doba \u010dten\u00ed":"1 minuta"},"schema":{"@context":"https:\/\/schema.org","@graph":[{"@type":"WebPage","@id":"https:\/\/villacoaster.pl\/cs\/zasady-pouzivani-souboru-cookie\/","url":"https:\/\/villacoaster.pl\/cs\/zasady-pouzivani-souboru-cookie\/","name":"Z\u00e1sady pou\u017e\u00edv\u00e1n\u00ed soubor\u016f cookie - Villa Coaster","isPartOf":{"@id":"https:\/\/villacoaster.pl\/cs\/#website"},"datePublished":"2023-11-09T21:01:27+00:00","dateModified":"2024-02-13T22:13:25+00:00","breadcrumb":{"@id":"https:\/\/villacoaster.pl\/cs\/zasady-pouzivani-souboru-cookie\/#breadcrumb"},"inLanguage":"cs","potentialAction":[{"@type":"ReadAction","target":["https:\/\/villacoaster.pl\/cs\/zasady-pouzivani-souboru-cookie\/"]}]},{"@type":"BreadcrumbList","@id":"https:\/\/villacoaster.pl\/cs\/zasady-pouzivani-souboru-cookie\/#breadcrumb","itemListElement":[{"@type":"ListItem","position":1,"name":"Strona g\u0142\u00f3wna","item":"https:\/\/villacoaster.pl\/cs\/"},{"@type":"ListItem","position":2,"name":"Z\u00e1sady pou\u017e\u00edv\u00e1n\u00ed soubor\u016f cookie"}]},{"@type":"WebSite","@id":"https:\/\/villacoaster.pl\/cs\/#website","url":"https:\/\/villacoaster.pl\/cs\/","name":"Villa Coaster","description":"","publisher":{"@id":"https:\/\/villacoaster.pl\/cs\/#organization"},"potentialAction":[{"@type":"SearchAction","target":{"@type":"EntryPoint","urlTemplate":"https:\/\/villacoaster.pl\/cs\/?s={search_term_string}"},"query-input":{"@type":"PropertyValueSpecification","valueRequired":true,"valueName":"search_term_string"}}],"inLanguage":"cs"},{"@type":"Organization","@id":"https:\/\/villacoaster.pl\/cs\/#organization","name":"Villa Coaster","url":"https:\/\/villacoaster.pl\/cs\/","logo":{"@type":"ImageObject","inLanguage":"cs","@id":"https:\/\/villacoaster.pl\/cs\/#\/schema\/logo\/image\/","url":"https:\/\/villacoaster.pl\/wp-content\/uploads\/2023\/11\/VILLA-COASTER-favicon.png","contentUrl":"https:\/\/villacoaster.pl\/wp-content\/uploads\/2023\/11\/VILLA-COASTER-favicon.png","width":144,"height":144,"caption":"Villa Coaster"},"image":{"@id":"https:\/\/villacoaster.pl\/cs\/#\/schema\/logo\/image\/"}}]}},"_links":{"self":[{"href":"https:\/\/villacoaster.pl\/cs\/wp-json\/wp\/v2\/pages\/2005","targetHints":{"allow":["GET"]}}],"collection":[{"href":"https:\/\/villacoaster.pl\/cs\/wp-json\/wp\/v2\/pages"}],"about":[{"href":"https:\/\/villacoaster.pl\/cs\/wp-json\/wp\/v2\/types\/page"}],"author":[{"embeddable":true,"href":"https:\/\/villacoaster.pl\/cs\/wp-json\/wp\/v2\/users\/1"}],"replies":[{"embeddable":true,"href":"https:\/\/villacoaster.pl\/cs\/wp-json\/wp\/v2\/comments?post=2005"}],"version-history":[{"count":1,"href":"https:\/\/villacoaster.pl\/cs\/wp-json\/wp\/v2\/pages\/2005\/revisions"}],"predecessor-version":[{"id":2010,"href":"https:\/\/villacoaster.pl\/cs\/wp-json\/wp\/v2\/pages\/2005\/revisions\/2010"}],"wp:attachment":[{"href":"https:\/\/villacoaster.pl\/cs\/wp-json\/wp\/v2\/media?parent=2005"}],"curies":[{"name":"wp","href":"https:\/\/api.w.org\/{rel}","templated":true}]}}